{"id":146,"date":"2024-09-30T14:47:25","date_gmt":"2024-09-30T11:47:25","guid":{"rendered":"https:\/\/inlavanda.ro\/?page_id=146"},"modified":"2025-05-26T18:38:00","modified_gmt":"2025-05-26T15:38:00","slug":"contact","status":"publish","type":"page","link":"https:\/\/inlavanda.ro\/en\/contact\/","title":{"rendered":"Contact"},"content":{"rendered":"<div class=\"wp-block-columns is-layout-flex wp-container-core-columns-is-layout-9d6595d7 wp-block-columns-is-layout-flex\">\n<div class=\"wp-block-column is-layout-flow wp-block-column-is-layout-flow\" style=\"flex-basis:100%\">\n<div class=\"wp-block-group alignwide has-link-color wp-elements-d80cc09c373b638056994fd16cffe5de has-background\" style=\"margin-top:0;margin-bottom:0;padding-right:0;padding-left:0;font-size:55px;background-position:46% 55.00000000000001%;background-size:cover;\"><div class=\"wp-block-group__inner-container is-layout-constrained wp-container-core-group-is-layout-71d420e0 wp-block-group-is-layout-constrained\">\n<div class=\"wp-block-group\"><div class=\"wp-block-group__inner-container is-layout-constrained wp-block-group-is-layout-constrained\">\n<div class=\"wp-block-cover has-custom-content-position is-position-center-left\" style=\"min-height:500px;aspect-ratio:unset;\"><span aria-hidden=\"true\" class=\"wp-block-cover__background has-background-dim\"><\/span><img loading=\"lazy\" decoding=\"async\" width=\"1024\" height=\"683\" class=\"wp-block-cover__image-background wp-image-90\" alt=\"\" src=\"http:\/\/inlavanda.ro\/wp-content\/uploads\/2024\/09\/12-1024x683.jpg\" style=\"object-position:48% 50%\" data-object-fit=\"cover\" data-object-position=\"48% 50%\" srcset=\"https:\/\/inlavanda.ro\/wp-content\/uploads\/2024\/09\/12-1024x683.jpg 1024w, https:\/\/inlavanda.ro\/wp-content\/uploads\/2024\/09\/12-300x200.jpg 300w, https:\/\/inlavanda.ro\/wp-content\/uploads\/2024\/09\/12-scaled-600x400.jpg 600w, https:\/\/inlavanda.ro\/wp-content\/uploads\/2024\/09\/12-768x512.jpg 768w, https:\/\/inlavanda.ro\/wp-content\/uploads\/2024\/09\/12-1536x1024.jpg 1536w, https:\/\/inlavanda.ro\/wp-content\/uploads\/2024\/09\/12-2048x1365.jpg 2048w, https:\/\/inlavanda.ro\/wp-content\/uploads\/2024\/09\/12-18x12.jpg 18w, https:\/\/inlavanda.ro\/wp-content\/uploads\/2024\/09\/12-1320x880.jpg 1320w\" sizes=\"auto, (max-width: 1024px) 100vw, 1024px\" \/><div class=\"wp-block-cover__inner-container is-layout-flow wp-block-cover-is-layout-flow\">\n<p class=\"has-text-align-center has-theme-palette-9-color has-text-color has-link-color has-medium-font-size wp-elements-46975fd8c11a23c915fae3a62486c09d\"><strong>L &#8211; V: 09:00 &#8211; 18:00<\/strong><\/p>\n\n\n\n<p class=\"has-text-align-center has-theme-palette-9-color has-text-color has-link-color has-medium-font-size wp-elements-3fbec80b7f46ba4144a11772e9af20b4\"><strong>Telefon:\u00a0<a href=\"tel:0773.766.491\" data-type=\"tel\" data-id=\"tel:0773.766.491\">0773.766.491<\/a><br><a href=\"mailto:contact.inlavanda@gmail.com\">contact.inlavanda@gmail.com<\/a><\/strong><\/p>\n<\/div><\/div>\n<\/div><\/div>\n<\/div><\/div>\n<\/div>\n<\/div>\n\n\n\n<p><\/p>","protected":false},"excerpt":{"rendered":"","protected":false},"author":1,"featured_media":57,"parent":0,"menu_order":0,"comment_status":"closed","ping_status":"closed","template":"","meta":{"_kad_post_transparent":"","_kad_post_title":"","_kad_post_layout":"","_kad_post_sidebar_id":"","_kad_post_content_style":"","_kad_post_vertical_padding":"","_kad_post_feature":"","_kad_post_feature_position":"","_kad_post_header":false,"_kad_post_footer":false,"slim_seo":{"description":"Contact: L - V: 09:00 - 18:00, tel.\u00a00773.766.491. Nu ai timp s\u0103 ne suni? Scrie-ne pe WhatsApp sau pe e-mail. contact.inlavanda@gmail.com.","title":"Contact - \u00cen LAVAND\u0102 cu Miky \u0219i Dan"},"footnotes":""},"class_list":["post-146","page","type-page","status-publish","has-post-thumbnail","hentry"],"_links":{"self":[{"href":"https:\/\/inlavanda.ro\/en\/wp-json\/wp\/v2\/pages\/146","targetHints":{"allow":["GET"]}}],"collection":[{"href":"https:\/\/inlavanda.ro\/en\/wp-json\/wp\/v2\/pages"}],"about":[{"href":"https:\/\/inlavanda.ro\/en\/wp-json\/wp\/v2\/types\/page"}],"author":[{"embeddable":true,"href":"https:\/\/inlavanda.ro\/en\/wp-json\/wp\/v2\/users\/1"}],"replies":[{"embeddable":true,"href":"https:\/\/inlavanda.ro\/en\/wp-json\/wp\/v2\/comments?post=146"}],"version-history":[{"count":0,"href":"https:\/\/inlavanda.ro\/en\/wp-json\/wp\/v2\/pages\/146\/revisions"}],"wp:featuredmedia":[{"embeddable":true,"href":"https:\/\/inlavanda.ro\/en\/wp-json\/wp\/v2\/media\/57"}],"wp:attachment":[{"href":"https:\/\/inlavanda.ro\/en\/wp-json\/wp\/v2\/media?parent=146"}],"curies":[{"name":"wp","href":"https:\/\/api.w.org\/{rel}","templated":true}]}}