{"id":225,"date":"2024-11-03T17:45:03","date_gmt":"2024-11-03T15:45:03","guid":{"rendered":"https:\/\/inlavanda.ro\/?page_id=225"},"modified":"2024-11-04T15:44:00","modified_gmt":"2024-11-04T13:44:00","slug":"policy","status":"publish","type":"page","link":"https:\/\/inlavanda.ro\/en\/policy\/","title":{"rendered":"Termeni \u0219i condi\u021bii"},"content":{"rendered":"<p>Termeni si Conditii<\/p>\n\n\n\n<p><strong>Pl\u0103\u021bi online cu cardul<\/strong><\/p>\n\n\n\n<p>\u00cen cazul pl\u0103\u021bilor online cu cardul, plata serviciilor de pe acest website este efectuata prin intermediul sistemului de plat\u0103 online oferit de Netopia Payments.<\/p>\n\n\n\n<p>Informa\u021biile privind datele cardului bancar (num\u0103r de card, data expir\u0103rii etc.) nu sunt transferate sau stocate nici un moment pe serverul PURRPLE LAVBYTE SRL.&nbsp;<\/p>\n\n\n\n<p>\u00cen cazul sistemului 3D Secure pentru plata cu carduri Visa sau MasterCard, datele legate de cardul dumneavoastra, sunt introduse direct \u00een sistemele Visa sau MasterCard, iar \u00een cazul \u00een care cardul dumneavoastra a fost emis de c\u0103tre o banc\u0103 certificat\u0103 \u00een sistemul 3D Secure, autorizarea tranzac\u021biei se face doar dup\u0103 autentificarea dumneavoastra \u00een acest sistem \u2013 introducerea unui cod\/parol\u0103 secret\u0103, stiut\u0103 numai de dumneavoastr\u0103.&nbsp;<\/p>\n\n\n\n<p><strong>Drepturi de autor \u0219i utilizarea materialelor con\u0163inute \u00een site ul&nbsp;<a href=\"https:\/\/inlavanda.ro\">inlavanda.r<\/a><\/strong><a href=\"https:\/\/magdatrandafir.ro\/\"><strong>o<\/strong><\/a><\/p>\n\n\n\n<p>Site-ul&nbsp;<a href=\"https:\/\/inlavanda.ro\">inlavanda.ro<\/a>&nbsp;\u015fi materialele con\u0163inute \u00een acest site sunt protejate de drepturi de proprietate intelectual\u0103. Aici sunt incluse: denumirile comerciale, drepturile de autor \u015fi marcile comerciale, inclusiv numele. Ele sunt m\u0103rci de\u0163inute de PURRPLE LAVBYTE SRL. Materialele protejate de drepturi de proprietate intelectual\u0103 includ: designul site-ului, grafica, fotografiile, imaginile, articolele, povestirile \u015fi alte materiale disponibile pe site-ul&nbsp;<a href=\"https:\/\/inlavanda.ro\">inlavanda.ro<\/a>&nbsp;(denumite \u00een continuare \u201eMaterialele Site-ului\u201d). Materialele Site-ului pot fi reproduse, distribuite, publicate sau prezentate public pe baza unui acord prealabil scris din partea PURRPLE LAVBYTE SRL.<\/p>\n\n\n\n<p><strong>Link-uri catre alte site-uri&nbsp;<\/strong><\/p>\n\n\n\n<p>Pe site-ul inlavanda.ro exist\u0103 link-uri c\u0103tre alte site-uri care nu sunt sub controlul nostru. PURRPLE LAVBYTE SRL nu r\u0103spunde \u00een niciun fel pentru informa\u0163iile sau materialele puse la dispozi\u0163ie pe site-urile ter\u0163elor p\u0103r\u0163i. V\u0103 recomand\u0103m s\u0103 citi\u0163i termenii de utilizare \u015fi declara\u0163iile de confiden\u0163ialitate ale tuturor site-urilor ter\u0163e \u00eenainte de a folosi astfel de site-uri sau de a trimite date personale sau orice alte informa\u0163ii pe sau prin intermediul acestor site-uri.<\/p>\n\n\n\n<p><strong>Link-uri de la alte site-uri c\u0103tre site-ul PURRPLE LAVBYTE SRL<\/strong><\/p>\n\n\n\n<p>Inserarea de link-uri de la site-ul web al ter\u0163ilor la&nbsp;<a href=\"https:\/\/inlavanda.ro\">inlavanda.ro<\/a>&nbsp;necesit\u0103 acordul prealabil scris al PURRPLE LAVBYTE SRL. Dac\u0103 dori\u0163i s\u0103 ave\u0163i link de pe alte site-uri c\u0103tre site-ul PURRPLE LAVBYTE SRL, v\u0103 rug\u0103m s\u0103 ne contacta\u0163i prin e-mail.<\/p>\n\n\n\n<p><strong>Limitarea r\u0103spunderii<\/strong><\/p>\n\n\n\n<p>Conform&nbsp; legisla\u0163iei \u00een vigoare, PURRPLE LAVBYTE SRL nu poate fi f\u0103cut responsabil pentru orice daune directe, indirecte, subsidiare sau de alt fel, inclusiv, dar nu limitat la pagube materiale, pierderi de utilizare, pierderi de afaceri, pierderi economice, pierderi de date sau pierderea de profituri, care decurg din sau \u00een legatur\u0103 cu utilizarea sau accesul, sau incapacitatea de a utiliza sau accesa site-ul inlavanda.ro sau con\u0163inutul s\u0103u.<\/p>\n\n\n\n<p>PURRPLE LAVBYTE SRL va depune eforturi rezonabile pentru a se asigura c\u0103 informa\u0163iile \u015fi materialele oferite pe acest website sunt corecte. Cu toate acestea, PURRPLE LAVBYTE SRL nu poate garanta acurate\u0163ea tuturor informa\u0163iilor \u015fi materialelor \u015fi nu \u00ee\u015fi asum\u0103 nicio responsabilitate sau r\u0103spundere pentru acurate\u0163ea, integritatea sau autenticitatea informa\u0163iilor \u015fi materialelor con\u0163inute pe acest site. Noi nu garant\u0103m c\u0103 func\u0163ionarea acestui site va fi ne\u00eentrerupt\u0103 sau f\u0103r\u0103 erori, sau c\u0103 acest website este liber de viru\u015fi sau alte componente care pot fi d\u0103un\u0103toare pentru echipament sau software; \u0219i nici nu garanteaz\u0103 c\u0103 webite-ul va fi compatibil cu echipamentele \u015fi software-ul folosit de dumneavoastr\u0103 \u015fi nu garanteaz\u0103 c\u0103 va fi disponibil tot timpul sau \u00een orice moment specific.<\/p>\n\n\n\n<p>Informa\u0163iile furnizate de PURRPLE LAVBYTE SRL pe site-ul&nbsp;<a href=\"https:\/\/inlavanda.ro\">inlavanda.ro<\/a>&nbsp;prin alte canale de social media sunt de uz \u0219i interes strict personal. Site-ul nu este conceput pentru a oferi sfaturi medicale profesionale sau tratament pentru niciun fel de afec\u021biune. Nu trebuie s\u0103 utiliza\u0163i site-ul nostru sau consilierea noastr\u0103 pentru a trata probleme medicale sau pentru a v\u0103 auto-diagnostica. V\u0103 recomand\u0103m s\u0103 consulta\u0163i&nbsp; medicul de familie dac\u0103 ave\u0163i orice fel de probleme de s\u0103n\u0103tate \u00eenainte de a utiliza aromaterapia sau orice alt produs PURRPLE LAVBYTE SRL.<\/p>\n\n\n\n<p><strong>Restric\u0163ionarea sau blocarea accesului pe website-ul www.inlavanda.ro datorit\u0103 \u00eencalc\u0103rii Termenilor de utilizare a site-ului<\/strong><\/p>\n\n\n\n<p>\u00cen caz de \u00eenc\u0103lcare a acestor Termeni de Utilizare a acestui site-ului sau a elementelor individuale ale website -ului inlavanda.ro \u00een alte scopuri dec\u00e2t cele prev\u0103zute, accesul la website poate fi restric\u0163ionat sau blocat.<\/p>\n\n\n\n<p>PURRPLE LAVBYTE&nbsp; SRL \u00ee\u015fi rezerv\u0103, \u00een general, dreptul de a modifica par\u0163ial sau integral, bloca, sau \u00eentrerupe website-ul www.inlavanda.ro sau con\u0163inutul s\u0103u \u00een orice moment \u015fi pentru orice motiv.<\/p>\n\n\n\n<p><strong>Re\u021beaua sociala \u0219i instrumente interactive<\/strong><\/p>\n\n\n\n<p>Anumite facilit\u0103\u0163i de pe site-ul nostru v\u0103 pot da ocazia de a interac\u0163iona cu noi si cu altii. Acestea pot include blog-uri, panouri de mesaje, func\u0163ionalitatea de transmitere a mesajelor, func\u0163ionalitatea de chat \u015fi crearea de profiluri comunitare. C\u00e2nd folosi\u0163i aceste caracteristici, trebuie s\u0103 \u015fti\u0163i faptul c\u0103  informa\u021biile pe care le prezenta\u0163i, inclusiv numele, loca\u0163ia \u015fi adresa de e-mail, pot fi disponibile public pentru al\u0163ii. Noi nu suntem responsabili pentru informa\u0163iile pe care alege\u0163i s\u0103 le prezenta\u0163i prin intermediul acestor caracteristici interactive \u015fi noi v\u0103 recomand\u0103m insistent s\u0103 NU dezv\u0103lui\u0163i Informa\u0163ii cu Caracter Personal sensibile (cum ar fi informa\u0163iile despre s\u0103n\u0103tate sau despre cardul de credit) prin intermediul acestor caracteristici. Dac\u0103 folosi\u0163i aceste caracteristici, Informa\u0163iile cu Caracter Personal ale dvs. pot r\u0103m\u00e2ne pe site chiar dup\u0103 ce nu mai folosi\u0163i site-ul.<\/p>\n\n\n\n<p><strong>Securitatea<\/strong><br>Noi lu\u0103m m\u0103suri organizatorice, tehnice \u015fi administrative rezonabile pentru a proteja Informa\u0163iile cu Caracter Personal aflate sub controlul nostru. Din p\u0103cate, nicio transmisie de date prin Internet sau sistem de stocare a datelor nu poate fi garantata ca fiind 100% sigur\u0103. Dac\u0103 ave\u0163i motive de a considera c\u0103 interac\u0163iunea cu noi nu mai este sigur\u0103 (de exemplu, dac\u0103 sesiza\u0163i c\u0103 securitatea unui cont pe care \u00eel ave\u0163i la noi a fost compromis\u0103), v\u0103 rugam s\u0103 ne anunta\u0163i imediat despre problem\u0103, contact\u00e2ndu-ne pe email la contact.inlavanda@gmail.com<\/p>\n\n\n\n<p><strong>Folosirea site-ului de catre copii<\/strong><br>Site-ul nu este destinat pentru persoane sub v\u00e2rsta de optsprezece (18) ani \u015fi noi cerem ca astfel de persoane s\u0103 nu transmit\u0103 Informa\u0163ii cu Caracter Personal prin intermediul Site-ului.<\/p>\n\n\n\n<p><strong>Disclaimer<\/strong><\/p>\n\n\n\n<p>Site-ul&nbsp;<a href=\"https:\/\/inlavanda.ro\">inlavanda.ro<\/a>&nbsp;are scop informativ. De\u015fi facem eforturi pentru o c\u00e2t mai mare acurate\u0163e a informa\u0163iei publicate, PURRPLE LAVBYTE SRL nu poate fi tras la r\u0103spundere pentru niciun fel de pagube care pot surveni \u00een urma aplic\u0103rii unor sfaturi sau sugestii publicate \u00een articole. Nu lua\u0163i niciodat\u0103 decizii medicale, sau despre nutri\u021bie ori \u00eengrijire personal\u0103 f\u0103r\u0103 a consulta un specialist \u00een aceste domenii.<\/p>\n\n\n\n<p>C\u00e2teodat\u0103 se \u00eent\u00e2mpl\u0103, \u00een ciuda eforturile noastre de a v\u0103 prezenta o informa\u0163ie corect\u0103, ca \u00een edi\u0163ia tip\u0103rit\u0103 sau \u00een cea online s\u0103 apar\u0103 gre\u015feli de tehnoredactare. Trebuie s\u0103 \u00een\u0163elege\u0163i c\u0103 aceste gre\u015feli nu sunt inten\u0163ionate \u015fi PURRPLE LAVBYTE SRL nu poate fi tras la r\u0103spundere pentru acestea.<\/p>\n\n\n\n<p>Anumite link-uri de pe acest site v\u0103 pot conduce la alte site-uri. Aceste site-uri nu sunt sub controlul&nbsp;inlavanda.ro&nbsp;\u015fi nu sunt aprobate \u00een vreun fel de noi. Ele sunt oferite doar \u00een scop informativ. Dac\u0103 decide\u0163i s\u0103 vizita\u0163i oricare alt site plec\u00e2nd de la un link oferit de www.inlavanda.ro, face\u0163i acest lucru pe propriul dvs. risc \u015fi este responsabilitatea dumneavoastr\u0103 s\u0103 lua\u0163i toate m\u0103surile de protec\u0163ie \u00eempotriva viru\u015filor \u015fi a altor elemente distructive.<\/p>\n\n\n\n<p><a href=\"https:\/\/inlavanda.ro\">inlavanda.ro<\/a>&nbsp;ia m\u0103suri pentru a v\u0103 oferi o vizit\u0103 agreabil\u0103 \u015fi sigur\u0103 pe site-ul s\u0103u, dar nu poate fi tras la r\u0103spundere \u00een cazul unor probleme informatice care pot afecta accesul sau viteza de \u00eenc\u0103rcare a site-ului sau a anumitor pagini din site. Folosi\u0163i constant un program anti-virus pentru a pre\u00eent\u00e2mpina orice fel de probleme.<\/p>\n\n\n\n<p><\/p>","protected":false},"excerpt":{"rendered":"<p>Termeni si Conditii Pl\u0103\u021bi online cu cardul \u00cen cazul pl\u0103\u021bilor online cu cardul, plata serviciilor de pe acest website este efectuata prin intermediul sistemului de plat\u0103 online oferit de Netopia Payments. Informa\u021biile privind datele cardului bancar (num\u0103r de card, data expir\u0103rii etc.) nu sunt transferate sau stocate nici un moment pe serverul PURRPLE LAVBYTE SRL.&nbsp;&#8230;<\/p>","protected":false},"author":1,"featured_media":0,"parent":0,"menu_order":0,"comment_status":"closed","ping_status":"closed","template":"","meta":{"_kad_post_transparent":"","_kad_post_title":"","_kad_post_layout":"","_kad_post_sidebar_id":"","_kad_post_content_style":"","_kad_post_vertical_padding":"","_kad_post_feature":"","_kad_post_feature_position":"","_kad_post_header":false,"_kad_post_footer":false,"slim_seo":{"title":"Termeni \u0219i condi\u021bii - \u00cen LAVAND\u0102 cu Miky \u0219i Dan","description":"Termeni si Conditii Pl\u0103\u021bi online cu cardul \u00cen cazul pl\u0103\u021bilor online cu cardul, plata serviciilor de pe acest website este efectuata prin intermediul sistemului"},"footnotes":""},"class_list":["post-225","page","type-page","status-publish","hentry"],"_links":{"self":[{"href":"https:\/\/inlavanda.ro\/en\/wp-json\/wp\/v2\/pages\/225","targetHints":{"allow":["GET"]}}],"collection":[{"href":"https:\/\/inlavanda.ro\/en\/wp-json\/wp\/v2\/pages"}],"about":[{"href":"https:\/\/inlavanda.ro\/en\/wp-json\/wp\/v2\/types\/page"}],"author":[{"embeddable":true,"href":"https:\/\/inlavanda.ro\/en\/wp-json\/wp\/v2\/users\/1"}],"replies":[{"embeddable":true,"href":"https:\/\/inlavanda.ro\/en\/wp-json\/wp\/v2\/comments?post=225"}],"version-history":[{"count":0,"href":"https:\/\/inlavanda.ro\/en\/wp-json\/wp\/v2\/pages\/225\/revisions"}],"wp:attachment":[{"href":"https:\/\/inlavanda.ro\/en\/wp-json\/wp\/v2\/media?parent=225"}],"curies":[{"name":"wp","href":"https:\/\/api.w.org\/{rel}","templated":true}]}}