{"id":239,"date":"2024-11-04T12:23:15","date_gmt":"2024-11-04T10:23:15","guid":{"rendered":"https:\/\/inlavanda.ro\/?post_type=product&#038;p=239"},"modified":"2025-05-26T17:40:26","modified_gmt":"2025-05-26T14:40:26","slug":"ser-facial-pentru-ea","status":"publish","type":"product","link":"https:\/\/inlavanda.ro\/en\/product\/ser-facial-pentru-ea\/","title":{"rendered":"Ser facial pentru EA cu ulei de lavand\u0103"},"content":{"rendered":"<p><span style=\"font-weight: 400;\">Ser facial pentru EA este creat pentru a oferi pielii tale \u00eengrijirea \u0219i hidratarea de care are nevoie. Are un amestec perfect de ingrediente naturale care lucreaz\u0103 sinergic pentru a revitaliza, proteja \u0219i hidrata tenul. Combin\u00e2nd <a href=\"https:\/\/www.facebook.com\/photo\/?fbid=122199890276056559&amp;set=a.122112199214056559\">uleiurile pre\u021bioase<\/a><\/span><span style=\"font-weight: 400;\">, acest ser p\u0103trunde rapid \u00een piele, l\u0103s\u00e2nd-o neted\u0103, luminoas\u0103 \u0219i plin\u0103 de vitalitate. Perfect pentru orice tip de ten, acesta \u00eembun\u0103t\u0103\u021be\u0219te aspectul pielii, reduc\u00e2nd semnele de oboseal\u0103 \u0219i oferind o senza\u021bie de prospe\u021bime.<\/span><\/p>\n<p><b>Beneficii generale:<\/b><\/p>\n<ul>\n<li style=\"font-weight: 400;\" aria-level=\"1\"><b>Revitalizare \u0219i regenerare:<\/b> <b>Rosa Mosqueta<\/b><span style=\"font-weight: 400;\"> este cunoscut pentru propriet\u0103\u021bile sale regenerante. Este ideal pentru a stimula regenerarea celular\u0103 \u0219i a reduce semnele de \u00eemb\u0103tr\u00e2nire prematur\u0103.<\/span><\/li>\n<li style=\"font-weight: 400;\" aria-level=\"1\"><b>Hidratare echilibrat\u0103:<\/b> <b>Uleiul de Jojoba<\/b><span style=\"font-weight: 400;\"> este perfect pentru a hidrata tenul f\u0103r\u0103 a-l \u00eengr\u0103\u0219a, ajut\u00e2nd la men\u021binerea unui echilibru optim de umiditate, chiar \u0219i pentru tenurile mai sensibile sau mixte.<\/span><\/li>\n<li style=\"font-weight: 400;\" aria-level=\"1\"><b>Protec\u021bie \u0219i hr\u0103nire:<\/b> <b>Uleiul de Macadamia<\/b><span style=\"font-weight: 400;\"> este bogat \u00een antioxidan\u021bi \u0219i acizi gra\u0219i esen\u021biali, care ajut\u0103 la protejarea pielii de factorii de mediu \u0219i la men\u021binerea elasticit\u0103\u021bii acesteia.<\/span><\/li>\n<li style=\"font-weight: 400;\" aria-level=\"1\"><b>Calmare \u0219i echilibrare:<\/b> <b>Uleiul esen\u021bial de Lavand\u0103<\/b><span style=\"font-weight: 400;\"> nu doar c\u0103 adaug\u0103 o arom\u0103 subtil\u0103 \u0219i relaxant\u0103, dar are \u0219i propriet\u0103\u021bi calmante, ajut\u00e2nd la reducerea irita\u021biilor \u0219i inflamatiilor, l\u0103s\u00e2nd pielea catifelat\u0103 \u0219i echilibrat\u0103.<\/span><\/li>\n<li style=\"font-weight: 400;\" aria-level=\"1\"><b>Antioxidant \u0219i anti-\u00eemb\u0103tr\u00e2nire:<\/b> <b>Vitamina E<\/b><span style=\"font-weight: 400;\"> protejeaz\u0103 pielea \u00eempotriva radicalilor liberi \u0219i previne \u00eemb\u0103tr\u00e2nirea prematur\u0103, conferindu-i un aspect t\u00e2n\u0103r \u0219i luminos.<\/span><\/li>\n<\/ul>\n<p><span style=\"font-weight: 400;\">Acest ser facial pentru EA este ideal pentru a fi folosit diminea\u021ba \u0219i seara, pentru a ad\u0103uga un strat suplimentar de protec\u021bie \u0219i hidratare \u00een rutina ta de \u00eengrijire a pielii.<\/span><\/p>\n<p><b>INCI:<\/b><span style=\"font-weight: 400;\"> Rosa Mosqueta Seed Oil, Simmondsia Chinensis Seed Oil, Macadamia Ternifolia Seed Oil, Tocopherol, <a href=\"https:\/\/inlavanda.ro\/product\/ulei-esential-de-lavanda-100-pur-roll-on-3-ml\/\">Lavandula Angustifolia Oil<\/a><\/span><\/p>","protected":false},"excerpt":{"rendered":"<p>Ser facial pentru EA este creat pentru a oferi pielii tale \u00eengrijirea \u0219i hidratarea de care are nevoie. Are un amestec perfect de ingrediente naturale care lucreaz\u0103 sinergic pentru a revitaliza, proteja \u0219i hidrata tenul. Combin\u00e2nd uleiurile pre\u021bioase, acest ser p\u0103trunde rapid \u00een piele, l\u0103s\u00e2nd-o neted\u0103, luminoas\u0103 \u0219i plin\u0103 de vitalitate. Perfect pentru orice tip&#8230;<\/p>","protected":false},"featured_media":331,"comment_status":"closed","ping_status":"closed","template":"","meta":{"_kad_post_transparent":"default","_kad_post_title":"","_kad_post_layout":"default","_kad_post_sidebar_id":"","_kad_post_content_style":"default","_kad_post_vertical_padding":"default","_kad_post_feature":"","_kad_post_feature_position":"","_kad_post_header":false,"_kad_post_footer":false,"slim_seo":{"title":"Ser facial pentru EA","description":"Ser facial pentru EA - este creat pentru a oferi tenului \u00eengrijirea de care are nevoie. P\u0103trunde rapid \u00een piele, l\u0103s\u00e2nd-o neted\u0103 \u0219i plin\u0103 de vitalitate."}},"product_brand":[],"product_cat":[31,34,33],"product_tag":[],"class_list":{"0":"post-239","1":"product","2":"type-product","3":"status-publish","4":"has-post-thumbnail","6":"product_cat-hidratare","7":"product_cat-ingrijire-corporala","8":"product_cat-relaxare","10":"first","11":"instock","12":"shipping-taxable","13":"purchasable","14":"product-type-simple","15":"entry","16":"content-bg","17":"loop-entry"},"_links":{"self":[{"href":"https:\/\/inlavanda.ro\/en\/wp-json\/wp\/v2\/product\/239","targetHints":{"allow":["GET"]}}],"collection":[{"href":"https:\/\/inlavanda.ro\/en\/wp-json\/wp\/v2\/product"}],"about":[{"href":"https:\/\/inlavanda.ro\/en\/wp-json\/wp\/v2\/types\/product"}],"replies":[{"embeddable":true,"href":"https:\/\/inlavanda.ro\/en\/wp-json\/wp\/v2\/comments?post=239"}],"wp:featuredmedia":[{"embeddable":true,"href":"https:\/\/inlavanda.ro\/en\/wp-json\/wp\/v2\/media\/331"}],"wp:attachment":[{"href":"https:\/\/inlavanda.ro\/en\/wp-json\/wp\/v2\/media?parent=239"}],"wp:term":[{"taxonomy":"product_brand","embeddable":true,"href":"https:\/\/inlavanda.ro\/en\/wp-json\/wp\/v2\/product_brand?post=239"},{"taxonomy":"product_cat","embeddable":true,"href":"https:\/\/inlavanda.ro\/en\/wp-json\/wp\/v2\/product_cat?post=239"},{"taxonomy":"product_tag","embeddable":true,"href":"https:\/\/inlavanda.ro\/en\/wp-json\/wp\/v2\/product_tag?post=239"}],"curies":[{"name":"wp","href":"https:\/\/api.w.org\/{rel}","templated":true}]}}