{"id":242,"date":"2024-11-04T12:35:37","date_gmt":"2024-11-04T10:35:37","guid":{"rendered":"https:\/\/inlavanda.ro\/?post_type=product&#038;p=242"},"modified":"2025-08-04T08:22:31","modified_gmt":"2025-08-04T05:22:31","slug":"balsam-pentru-buze","status":"publish","type":"product","link":"https:\/\/inlavanda.ro\/en\/product\/balsam-pentru-buze\/","title":{"rendered":"Balsam pentru buze"},"content":{"rendered":"<p><span style=\"font-weight: 400;\">Balsam pentru buze &#8211; Bucur\u0103-te de buze catifelate \u0219i protejate cu balsamul nostru reparator 100% natural. Formulat din ingrediente de cea mai \u00eenalt\u0103 calitate,<\/span><span style=\"font-weight: 400;\">\u00a0acest <a href=\"https:\/\/www.facebook.com\/photo\/?fbid=122210342978056559&amp;set=pb.61551696790268.-2207520000\">balsam<\/a> hr\u0103ne\u0219te \u0219i repar\u0103 buzele uscate sau cr\u0103pate, l\u0103s\u00e2ndu-le moi \u0219i hidratate.<\/span><\/p>\n<ul>\n<li data-start=\"568\" data-end=\"601\">\n<p data-start=\"570\" data-end=\"601\">Repar\u0103 buzele cr\u0103pate \u0219i uscate<\/p>\n<\/li>\n<li data-start=\"602\" data-end=\"648\">\n<p data-start=\"604\" data-end=\"648\">Hidrateaz\u0103 profund \u0219i las\u0103 buzele catifelate<\/p>\n<\/li>\n<li data-start=\"649\" data-end=\"715\">\n<p data-start=\"651\" data-end=\"715\">Uleiul de lavand\u0103 are efect calmant, antibacterian \u0219i regenerant<\/p>\n<\/li>\n<li data-start=\"716\" data-end=\"781\">\n<p data-start=\"718\" data-end=\"781\">Potrivit pentru utilizare zilnic\u0103, inclusiv pe pielea sensibil\u0103<\/p>\n<\/li>\n<\/ul>\n<p><span style=\"font-weight: 400;\">Ingrediente atent selec\u021bionate pentru a oferi o \u00eengrijire intens\u0103:<\/span><\/p>\n<ul>\n<li style=\"font-weight: 400;\" aria-level=\"1\"><b>Untul de cacao<\/b><span style=\"font-weight: 400;\"> hidrateaz\u0103 \u00een profunzime \u0219i protejeaz\u0103 buzele de efectele deshidrat\u0103rii.<\/span><\/li>\n<li style=\"font-weight: 400;\" aria-level=\"1\"><b>Uleiul de cocos<\/b><span style=\"font-weight: 400;\"> ajut\u0103 la calmarea \u0219i regenerarea pielii delicate a buzelor, av\u00e2nd \u0219i efect antibacterian.<\/span><\/li>\n<li style=\"font-weight: 400;\" aria-level=\"1\"><b>Uleiul de migdale<\/b><span style=\"font-weight: 400;\"> adaug\u0103 un plus de hidratare \u0219i elasticitate, prevenind apari\u021bia fisurilor.<\/span><\/li>\n<li style=\"font-weight: 400;\" aria-level=\"1\"><b>Ceara de albine<\/b><span style=\"font-weight: 400;\"> formeaz\u0103 o barier\u0103 protectoare \u00eempotriva factorilor externi, l\u0103s\u00e2nd buzele moi \u0219i suple.<\/span><\/li>\n<li style=\"font-weight: 400;\" aria-level=\"1\"><b>Vitamina E<\/b><span style=\"font-weight: 400;\"> este un antioxidant puternic care contribuie la protejarea \u0219i repararea buzelor, men\u021bin\u00e2ndu-le s\u0103n\u0103toase.<\/span><\/li>\n<li style=\"font-weight: 400;\" aria-level=\"1\"><a href=\"https:\/\/inlavanda.ro\/product\/ulei-esential-de-lavanda\/\"><b>Uleiul esen\u021bial de lavand\u0103<\/b><\/a><span style=\"font-weight: 400;\"> adaug\u0103 un efect calmant \u0219i reparativ, av\u00e2nd \u0219i rol de dezinfectare a pielii afectate.<\/span><\/li>\n<\/ul>\n<p><span style=\"font-weight: 400;\">Aplicat regulat, acest balsam pentru buze natural \u00ee\u021bi va proteja buzele de deshidratare \u0219i va contribui la refacerea lor. F\u0103r\u0103 parabeni sau ingrediente chimice, este perfect pentru \u00eentreaga familie, oferind o \u00eengrijire delicat\u0103, dar eficient\u0103.<\/span><\/p>\n<p><b>INCI:<\/b><span style=\"font-weight: 400;\"> Theobroma Cacao Seed Butter, Cocos Nucifera Oil, Prunus Amygdalus Dulcis Oil, Cera Alba, Tocopherol, Lavandula Angustifolia Oil<\/span><\/p>\n<p><br style=\"font-weight: 400;\" \/><br style=\"font-weight: 400;\" \/><\/p>","protected":false},"excerpt":{"rendered":"<p>Balsam pentru buze &#8211; Bucur\u0103-te de buze catifelate \u0219i protejate cu balsamul nostru reparator 100% natural. Formulat din ingrediente de cea mai \u00eenalt\u0103 calitate,\u00a0acest balsam hr\u0103ne\u0219te \u0219i repar\u0103 buzele uscate sau cr\u0103pate, l\u0103s\u00e2ndu-le moi \u0219i hidratate. Repar\u0103 buzele cr\u0103pate \u0219i uscate Hidrateaz\u0103 profund \u0219i las\u0103 buzele catifelate Uleiul de lavand\u0103 are efect calmant, antibacterian \u0219i&#8230;<\/p>","protected":false},"featured_media":506,"comment_status":"closed","ping_status":"closed","template":"","meta":{"_kad_post_transparent":"default","_kad_post_title":"","_kad_post_layout":"default","_kad_post_sidebar_id":"","_kad_post_content_style":"default","_kad_post_vertical_padding":"default","_kad_post_feature":"","_kad_post_feature_position":"","_kad_post_header":false,"_kad_post_footer":false,"slim_seo":{"title":"Balsam pentru buze","description":"Balsam pentru buze. F\u0103r\u0103 parabeni sau ingrediente chimice, este perfect pentru \u00eentreaga familie, oferind o \u00eengrijire delicat\u0103, dar eficient\u0103."}},"product_brand":[],"product_cat":[31,34],"product_tag":[],"class_list":{"0":"post-242","1":"product","2":"type-product","3":"status-publish","4":"has-post-thumbnail","6":"product_cat-hidratare","7":"product_cat-ingrijire-corporala","9":"first","10":"instock","11":"shipping-taxable","12":"purchasable","13":"product-type-simple","14":"entry","15":"content-bg","16":"loop-entry"},"_links":{"self":[{"href":"https:\/\/inlavanda.ro\/en\/wp-json\/wp\/v2\/product\/242","targetHints":{"allow":["GET"]}}],"collection":[{"href":"https:\/\/inlavanda.ro\/en\/wp-json\/wp\/v2\/product"}],"about":[{"href":"https:\/\/inlavanda.ro\/en\/wp-json\/wp\/v2\/types\/product"}],"replies":[{"embeddable":true,"href":"https:\/\/inlavanda.ro\/en\/wp-json\/wp\/v2\/comments?post=242"}],"wp:featuredmedia":[{"embeddable":true,"href":"https:\/\/inlavanda.ro\/en\/wp-json\/wp\/v2\/media\/506"}],"wp:attachment":[{"href":"https:\/\/inlavanda.ro\/en\/wp-json\/wp\/v2\/media?parent=242"}],"wp:term":[{"taxonomy":"product_brand","embeddable":true,"href":"https:\/\/inlavanda.ro\/en\/wp-json\/wp\/v2\/product_brand?post=242"},{"taxonomy":"product_cat","embeddable":true,"href":"https:\/\/inlavanda.ro\/en\/wp-json\/wp\/v2\/product_cat?post=242"},{"taxonomy":"product_tag","embeddable":true,"href":"https:\/\/inlavanda.ro\/en\/wp-json\/wp\/v2\/product_tag?post=242"}],"curies":[{"name":"wp","href":"https:\/\/api.w.org\/{rel}","templated":true}]}}