{"id":244,"date":"2024-11-04T12:58:51","date_gmt":"2024-11-04T10:58:51","guid":{"rendered":"https:\/\/inlavanda.ro\/?post_type=product&#038;p=244"},"modified":"2025-05-27T15:37:57","modified_gmt":"2025-05-27T12:37:57","slug":"ambalare-cadou","status":"publish","type":"product","link":"https:\/\/inlavanda.ro\/en\/product\/ambalare-cadou\/","title":{"rendered":"Ambalare cadou"},"content":{"rendered":"<p>\ud83c\udf81 <strong>Surpriz\u0103 special\u0103 pentru tine!<\/strong> Ambal\u0103m gratuit fiecare produs\/set de produse pe care le comanzi, astfel \u00eenc\u00e2t s\u0103 fie gata de d\u0103ruit celor dragi, f\u0103r\u0103 efort suplimentar. Ne ocup\u0103m noi de detalii, tu trebuie doar s\u0103 aduci z\u00e2mbete! \ud83c\udf80<\/p>","protected":false},"excerpt":{"rendered":"<p>\ud83c\udf81 Surpriz\u0103 special\u0103 pentru tine! Ambal\u0103m gratuit fiecare produs\/set de produse pe care le comanzi, astfel \u00eenc\u00e2t s\u0103 fie gata de d\u0103ruit celor dragi, f\u0103r\u0103 efort suplimentar. Ne ocup\u0103m noi de detalii, tu trebuie doar s\u0103 aduci z\u00e2mbete! \ud83c\udf80<\/p>","protected":false},"featured_media":382,"comment_status":"closed","ping_status":"closed","template":"","meta":{"_kad_post_transparent":"default","_kad_post_title":"","_kad_post_layout":"default","_kad_post_sidebar_id":"","_kad_post_content_style":"default","_kad_post_vertical_padding":"default","_kad_post_feature":"","_kad_post_feature_position":"","_kad_post_header":false,"_kad_post_footer":false,"slim_seo":{"title":"Ambalare cadou - \u00cen LAVAND\u0102 cu Miky \u0219i Dan","description":"\ud83c\udf81 Surpriz\u0103 special\u0103 pentru tine! Ambal\u0103m gratuit fiecare produs\/set de produse pe care le comanzi, astfel \u00eenc\u00e2t s\u0103 fie gata de d\u0103ruit celor dragi, f\u0103r\u0103 efort su"}},"product_brand":[],"product_cat":[38],"product_tag":[],"class_list":{"0":"post-244","1":"product","2":"type-product","3":"status-publish","4":"has-post-thumbnail","6":"product_cat-ambalare","8":"first","9":"instock","10":"shipping-taxable","11":"purchasable","12":"product-type-simple","13":"entry","14":"content-bg","15":"loop-entry"},"_links":{"self":[{"href":"https:\/\/inlavanda.ro\/en\/wp-json\/wp\/v2\/product\/244","targetHints":{"allow":["GET"]}}],"collection":[{"href":"https:\/\/inlavanda.ro\/en\/wp-json\/wp\/v2\/product"}],"about":[{"href":"https:\/\/inlavanda.ro\/en\/wp-json\/wp\/v2\/types\/product"}],"replies":[{"embeddable":true,"href":"https:\/\/inlavanda.ro\/en\/wp-json\/wp\/v2\/comments?post=244"}],"wp:featuredmedia":[{"embeddable":true,"href":"https:\/\/inlavanda.ro\/en\/wp-json\/wp\/v2\/media\/382"}],"wp:attachment":[{"href":"https:\/\/inlavanda.ro\/en\/wp-json\/wp\/v2\/media?parent=244"}],"wp:term":[{"taxonomy":"product_brand","embeddable":true,"href":"https:\/\/inlavanda.ro\/en\/wp-json\/wp\/v2\/product_brand?post=244"},{"taxonomy":"product_cat","embeddable":true,"href":"https:\/\/inlavanda.ro\/en\/wp-json\/wp\/v2\/product_cat?post=244"},{"taxonomy":"product_tag","embeddable":true,"href":"https:\/\/inlavanda.ro\/en\/wp-json\/wp\/v2\/product_tag?post=244"}],"curies":[{"name":"wp","href":"https:\/\/api.w.org\/{rel}","templated":true}]}}