{"id":294,"date":"2024-11-28T16:00:29","date_gmt":"2024-11-28T14:00:29","guid":{"rendered":"https:\/\/inlavanda.ro\/?post_type=product&#038;p=294"},"modified":"2025-09-15T16:19:51","modified_gmt":"2025-09-15T13:19:51","slug":"ulei-esential-de-lavanda-100-pur-roll-on-3-ml","status":"publish","type":"product","link":"https:\/\/inlavanda.ro\/en\/product\/ulei-esential-de-lavanda-100-pur-roll-on-3-ml\/","title":{"rendered":"Ulei esen\u021bial de lavand\u0103 100% pur \u2013 Roll-on 3 ml"},"content":{"rendered":"<div class=\"x11i5rnm xat24cr x1mh8g0r x1vvkbs xtlvy1s x126k92a\">\n<div dir=\"auto\">\n<p><span style=\"font-weight: 400;\">Redescoper\u0103 calmul \u0219i echilibrul oriunde te afli, cu uleiul nostru esen\u021bial de lavand\u0103 100% pur. Vine ambalat \u00eentr-un recipient practic de sticl\u0103 cu aplicator roll-on. Ob\u021binut din soiul premium <\/span><b>Lavandula angustifolia Sevtopolis Vera.<\/b><span style=\"font-weight: 400;\"> Acest ulei esen\u021bial de lavanda 3ml este distilat cu grij\u0103 din lavanda cultivat\u0103 \u0219i lucrat\u0103 manual pe planta\u021biile noastre.<\/span><\/p>\n<p><span style=\"font-weight: 400;\">Recipientul elegant \u0219i compact de 3 ml este ideal pentru a lua cu tine acest elixir natural. Fie c\u0103 vrei s\u0103 te bucuri de aromaterapie, s\u0103 calmezi pielea sensibil\u0103 sau s\u0103 \u00ee\u021bi creezi un moment de relaxare instantanee. Aroma sa floral\u0103, fin\u0103 \u0219i reconfortant\u0103 \u00ee\u021bi \u00eenv\u0103luie sim\u021burile \u0219i te ajut\u0103 s\u0103 te deconectezi.<\/span><\/p>\n<\/div>\n<h4 dir=\"auto\"><span class=\"html-span xexx8yu x4uap5 x18d9i69 xkhd6sd x1hl2dhg x16tdsg8 x1vvkbs x3nfvp2 x1j61x8r x1fcty0u xdj266r xat24cr xgzva0m xhhsvwb xxymvpz xlup9mm x1kky2od\"><strong><span style=\"font-family: var(--global-body-font-family);\">Beneficii fizice <span style=\"font-weight: 400;\">ulei esen\u021bial de lavanda 3ml:<\/span><\/span><\/strong><br \/>\n<\/span><\/h4>\n<div dir=\"auto\">&#8211; Calmeaz\u0103 irita\u021biile pielii: Uleiul de lavand\u0103 are propriet\u0103\u021bi antiinflamatorii \u0219i antiseptice, fiind eficient \u00een tratarea micilor arsuri, t\u0103ieturi sau mu\u0219c\u0103turi de insecte.<\/div>\n<div dir=\"auto\">&#8211; Amelioreaz\u0103 durerile de cap \u0219i migrenele: Inhalarea sau aplicarea local\u0103 a uleiului de lavand\u0103 poate reduce intensitatea durerilor de cap.<\/div>\n<div dir=\"auto\">&#8211; \u00cembun\u0103t\u0103\u021be\u0219te calitatea somnului: Datorit\u0103 efectelor sale calmante, uleiul de lavand\u0103 este adesea folosit pentru a induce un somn profund \u0219i odihnitor. Este ideal pentru persoanele care sufer\u0103 de insomnie.<\/div>\n<div dir=\"auto\">&#8211; Reduce durerile musculare: Masajul cu ulei de lavand\u0103 poate ajuta la relaxarea mu\u0219chilor tensiona\u021bi \u0219i la reducerea durerilor articulare.<\/div>\n<div dir=\"auto\">&#8211; Sus\u021bine vindecarea r\u0103nilor: Propriet\u0103\u021bile antimicrobiene \u0219i regenerative ale uleiului de lavand\u0103 pot accelera procesul de vindecare a r\u0103nilor minore.<\/div>\n<\/div>\n<div class=\"x11i5rnm xat24cr x1mh8g0r x1vvkbs xtlvy1s x126k92a\">\n<h4 dir=\"auto\"><strong>\u00a0Beneficii psihice <span style=\"font-weight: 400;\">ulei esen\u021bial de lavanda 3ml:\u00a0<\/span><\/strong><\/h4>\n<div dir=\"auto\">&#8211; Reduce stresul \u0219i anxietatea: Uleiul de lavand\u0103 este cunoscut pentru efectele sale anxiolitice. Ajut\u0103 la reducerea stresului \u0219i la calmarea min\u021bii.<\/div>\n<div dir=\"auto\">&#8211; \u00cembun\u0103t\u0103\u021be\u0219te starea de spirit: Aroma lavandei poate ridica moralul. Este util\u0103 \u00een combaterea depresiei u\u0219oare \u0219i a sentimentelor de triste\u021be.<\/div>\n<div dir=\"auto\">&#8211; Promoveaz\u0103 relaxarea: Uleiul de lavand\u0103 induce o stare de relaxare profund\u0103. Ideal pentru practici de medita\u021bie sau \u00eenainte de culcare.<\/div>\n<div dir=\"auto\">&#8211; Ajut\u0103 la claritatea mental\u0103: De\u0219i este cunoscut mai ales pentru efectele sale calmante, lavanda poate \u0219i s\u0103 \u00eembun\u0103t\u0103\u021beasc\u0103 focusul \u0219i claritatea mental\u0103, fiind util\u0103 \u00een perioadele de stres intelectual.<\/div>\n<\/div>\n<div class=\"x11i5rnm xat24cr x1mh8g0r x1vvkbs xtlvy1s x126k92a\">\n<div dir=\"auto\"><\/div>\n<div dir=\"auto\">\u00a0Uleiul de lavand\u0103 este astfel un aliat versatil pentru men\u021binerea echilibrului fizic \u0219i mental.<\/div>\n<div dir=\"auto\"><\/div>\n<\/div>\n<div dir=\"auto\"><b>INCI:<\/b><span style=\"font-weight: 400;\"> Lavandula Angustifolia Oil<\/span><\/div>","protected":false},"excerpt":{"rendered":"<p>Redescoper\u0103 calmul \u0219i echilibrul oriunde te afli, cu uleiul nostru esen\u021bial de lavand\u0103 100% pur. Vine ambalat \u00eentr-un recipient practic de sticl\u0103 cu aplicator roll-on. Ob\u021binut din soiul premium Lavandula angustifolia Sevtopolis Vera. Acest ulei esen\u021bial de lavanda 3ml este distilat cu grij\u0103 din lavanda cultivat\u0103 \u0219i lucrat\u0103 manual pe planta\u021biile noastre. Recipientul elegant \u0219i&#8230;<\/p>","protected":false},"featured_media":503,"comment_status":"closed","ping_status":"closed","template":"","meta":{"_kad_post_transparent":"default","_kad_post_title":"","_kad_post_layout":"default","_kad_post_sidebar_id":"","_kad_post_content_style":"default","_kad_post_vertical_padding":"default","_kad_post_feature":"","_kad_post_feature_position":"","_kad_post_header":false,"_kad_post_footer":false,"slim_seo":{"title":"Ulei esen\u021bial de lavanda 3ml","description":"Ulei esen\u021bial de lavanda 3ml ambalat \u00eentr-un recipient practic de sticl\u0103 cu aplicator roll-on. Amelioreaz\u0103 durerile de cap \u0219i migrenele."}},"product_brand":[],"product_cat":[18],"product_tag":[],"class_list":{"0":"post-294","1":"product","2":"type-product","3":"status-publish","4":"has-post-thumbnail","6":"product_cat-uncategorized","8":"first","9":"instock","10":"shipping-taxable","11":"purchasable","12":"product-type-simple","13":"entry","14":"content-bg","15":"loop-entry"},"_links":{"self":[{"href":"https:\/\/inlavanda.ro\/en\/wp-json\/wp\/v2\/product\/294","targetHints":{"allow":["GET"]}}],"collection":[{"href":"https:\/\/inlavanda.ro\/en\/wp-json\/wp\/v2\/product"}],"about":[{"href":"https:\/\/inlavanda.ro\/en\/wp-json\/wp\/v2\/types\/product"}],"replies":[{"embeddable":true,"href":"https:\/\/inlavanda.ro\/en\/wp-json\/wp\/v2\/comments?post=294"}],"wp:featuredmedia":[{"embeddable":true,"href":"https:\/\/inlavanda.ro\/en\/wp-json\/wp\/v2\/media\/503"}],"wp:attachment":[{"href":"https:\/\/inlavanda.ro\/en\/wp-json\/wp\/v2\/media?parent=294"}],"wp:term":[{"taxonomy":"product_brand","embeddable":true,"href":"https:\/\/inlavanda.ro\/en\/wp-json\/wp\/v2\/product_brand?post=294"},{"taxonomy":"product_cat","embeddable":true,"href":"https:\/\/inlavanda.ro\/en\/wp-json\/wp\/v2\/product_cat?post=294"},{"taxonomy":"product_tag","embeddable":true,"href":"https:\/\/inlavanda.ro\/en\/wp-json\/wp\/v2\/product_tag?post=294"}],"curies":[{"name":"wp","href":"https:\/\/api.w.org\/{rel}","templated":true}]}}