{"id":296,"date":"2024-11-28T16:07:20","date_gmt":"2024-11-28T14:07:20","guid":{"rendered":"https:\/\/inlavanda.ro\/?post_type=product&#038;p=296"},"modified":"2025-05-27T15:37:57","modified_gmt":"2025-05-27T12:37:57","slug":"miere-infuzata-cu-lavanda","status":"publish","type":"product","link":"https:\/\/inlavanda.ro\/en\/product\/miere-infuzata-cu-lavanda\/","title":{"rendered":"Miere infuzat\u0103 cu lavand\u0103 100% natural\u0103"},"content":{"rendered":"<p><span style=\"font-weight: 400;\">Miere infuzat\u0103 cu lavand\u0103 100% natural\u0103 &#8211; provine direct de la un pasionat apicultor din Br\u0103g\u0103reasa. Infuz\u0103m miere proasp\u0103t\u0103 cu flori de lavand\u0103. Astfel cre\u0103m un produs nou, aromat \u0219i plin de beneficii naturale. Lavanda adaug\u0103 un parfum subtil \u0219i o not\u0103 floral\u0103. Aceasta \u00eembog\u0103\u021be\u0219te gustul dulce al mierii, oferindu-i o arom\u0103 unic\u0103 \u0219i reconfortant\u0103.<\/span><\/p>\n<p><b>Beneficii generale:<\/b><\/p>\n<ul>\n<li style=\"font-weight: 400;\" aria-level=\"1\"><b>Aroma delicat\u0103:<\/b><span style=\"font-weight: 400;\"> Mierea infuzat\u0103 cu lavand\u0103 are un gust floral, perfect pentru a \u00eendulci ceaiul, iaurtul, deserturile sau alte preparate, aduc\u00e2nd un strop de natur\u0103 \u00een fiecare zi.<\/span><\/li>\n<li style=\"font-weight: 400;\" aria-level=\"1\"><b>Propriet\u0103\u021bi calmante:<\/b><span style=\"font-weight: 400;\"> Infuzarea lavandei \u00een miere confer\u0103 un produs ideal pentru reducerea stresului \u0219i inducerea unei st\u0103ri de bine. Lavanda are efecte relaxante \u0219i antiinflamatoare, ajut\u00e2nd la crearea unei atmosfere pl\u0103cute \u0219i lini\u0219titoare.<\/span><\/li>\n<li style=\"font-weight: 400;\" aria-level=\"1\"><b>Beneficii pentru s\u0103n\u0103tate:<\/b><span style=\"font-weight: 400;\"> Mierea natural\u0103 are propriet\u0103\u021bi antibacteriene \u0219i antioxidante, contribuind la \u00eent\u0103rirea sistemului imunitar \u0219i la men\u021binerea s\u0103n\u0103t\u0103\u021bii generale. Folosit\u0103 \u00een mod regulat, aceast\u0103 miere infuzat\u0103 este un remediu natural de \u00eencredere.<\/span><\/li>\n<li style=\"font-weight: 400;\" aria-level=\"1\"><b>\u00cengrijire natural\u0103:<\/b><span style=\"font-weight: 400;\"> Pe l\u00e2ng\u0103 utiliz\u0103rile alimentare, aceast\u0103 miere poate fi folosit\u0103 \u0219i \u00een cosmetic\u0103 pentru a hidrata \u0219i revitaliza pielea. Are un efect calmant \u0219i re\u00eemprosp\u0103tant, fiind potrivit\u0103 pentru orice tip de ten.<\/span><\/li>\n<\/ul>\n<p><span style=\"font-weight: 400;\">Miere infuzat\u0103 cu lavand\u0103 &#8211; produs\u0103 cu grij\u0103 de noi, doar prin ad\u0103ugarea lavandei naturale \u00een mierea proasp\u0103t\u0103 de la apicultorul nostru. Este un produs complet natural, f\u0103r\u0103 aditivi sau conservan\u021bi, care \u00ee\u021bi va aduce un plus de arom\u0103 \u0219i s\u0103n\u0103tate \u00een fiecare zi.<\/span><\/p>\n<p><b>INCI:<\/b><span style=\"font-weight: 400;\"> Mel, <a href=\"https:\/\/inlavanda.ro\/product\/buchet-de-lavanda-uscata\/\">Lavandula Angustifolia Flower<\/a><\/span><\/p>\n<p><br style=\"font-weight: 400;\" \/><br style=\"font-weight: 400;\" \/><\/p>","protected":false},"excerpt":{"rendered":"<p>Miere infuzat\u0103 cu lavand\u0103 100% natural\u0103 &#8211; provine direct de la un pasionat apicultor din Br\u0103g\u0103reasa. Infuz\u0103m miere proasp\u0103t\u0103 cu flori de lavand\u0103. Astfel cre\u0103m un produs nou, aromat \u0219i plin de beneficii naturale. Lavanda adaug\u0103 un parfum subtil \u0219i o not\u0103 floral\u0103. Aceasta \u00eembog\u0103\u021be\u0219te gustul dulce al mierii, oferindu-i o arom\u0103 unic\u0103 \u0219i reconfortant\u0103&#8230;.<\/p>","protected":false},"featured_media":325,"comment_status":"closed","ping_status":"closed","template":"","meta":{"_kad_post_transparent":"default","_kad_post_title":"","_kad_post_layout":"default","_kad_post_sidebar_id":"","_kad_post_content_style":"default","_kad_post_vertical_padding":"default","_kad_post_feature":"","_kad_post_feature_position":"","_kad_post_header":false,"_kad_post_footer":false,"slim_seo":{"title":"Miere infuzat\u0103 cu lavand\u0103","description":"Miere infuzat\u0103 cu lavand\u0103 - gust floral, perfect pentru a \u00eendulci ceaiul, iaurtul, deserturile sau alte preparate, aduc\u00e2nd un strop de natur\u0103 \u00een fiecare zi."}},"product_brand":[],"product_cat":[18],"product_tag":[],"class_list":{"0":"post-296","1":"product","2":"type-product","3":"status-publish","4":"has-post-thumbnail","6":"product_cat-uncategorized","8":"first","9":"instock","10":"shipping-taxable","11":"purchasable","12":"product-type-simple","13":"entry","14":"content-bg","15":"loop-entry"},"_links":{"self":[{"href":"https:\/\/inlavanda.ro\/en\/wp-json\/wp\/v2\/product\/296","targetHints":{"allow":["GET"]}}],"collection":[{"href":"https:\/\/inlavanda.ro\/en\/wp-json\/wp\/v2\/product"}],"about":[{"href":"https:\/\/inlavanda.ro\/en\/wp-json\/wp\/v2\/types\/product"}],"replies":[{"embeddable":true,"href":"https:\/\/inlavanda.ro\/en\/wp-json\/wp\/v2\/comments?post=296"}],"wp:featuredmedia":[{"embeddable":true,"href":"https:\/\/inlavanda.ro\/en\/wp-json\/wp\/v2\/media\/325"}],"wp:attachment":[{"href":"https:\/\/inlavanda.ro\/en\/wp-json\/wp\/v2\/media?parent=296"}],"wp:term":[{"taxonomy":"product_brand","embeddable":true,"href":"https:\/\/inlavanda.ro\/en\/wp-json\/wp\/v2\/product_brand?post=296"},{"taxonomy":"product_cat","embeddable":true,"href":"https:\/\/inlavanda.ro\/en\/wp-json\/wp\/v2\/product_cat?post=296"},{"taxonomy":"product_tag","embeddable":true,"href":"https:\/\/inlavanda.ro\/en\/wp-json\/wp\/v2\/product_tag?post=296"}],"curies":[{"name":"wp","href":"https:\/\/api.w.org\/{rel}","templated":true}]}}