{"id":298,"date":"2024-11-28T16:19:19","date_gmt":"2024-11-28T14:19:19","guid":{"rendered":"https:\/\/inlavanda.ro\/?post_type=product&#038;p=298"},"modified":"2026-02-01T12:35:48","modified_gmt":"2026-02-01T10:35:48","slug":"lumanare-de-masaj-cu-lavanda","status":"publish","type":"product","link":"https:\/\/inlavanda.ro\/en\/product\/lumanare-de-masaj-cu-lavanda\/","title":{"rendered":"Lum\u00e2nare de masaj cu lavand\u0103"},"content":{"rendered":"<p><span style=\"font-weight: 400;\">\u00a0Transform\u0103-\u021bi momentele de relaxare \u00eentr-o adev\u0103rat\u0103 experien\u021b\u0103 senzorial\u0103 cu <\/span><b>lum\u00e2narea de masaj cu lavand\u0103<\/b><span style=\"font-weight: 400;\">. Aceast\u0103 lum\u00e2nare se tope\u0219te \u00eentr-o mas\u0103 de uleiuri naturale care hr\u0103nesc \u0219i hidrateaz\u0103 pielea, fiind ideal\u0103 pentru un masaj relaxant. Dup\u0103 topire, uleiurile l\u0103sate pe piele sunt extrem de hidratante \u0219i emoliente, l\u0103s\u00e2nd pielea catifelat\u0103 \u0219i calmat\u0103. Aroma subtil\u0103 de lavand\u0103 va ad\u0103uga o not\u0103 de lini\u0219te, contribuind la relaxarea total\u0103 a corpului \u0219i min\u021bii.<\/span><\/p>\n<h3><b>Beneficii generale:<\/b><\/h3>\n<ul>\n<li style=\"font-weight: 400;\" aria-level=\"1\"><b>Hidratare intens\u0103:<\/b><span style=\"font-weight: 400;\"> Ingredientele naturale precum untul de Shea \u0219i untul de cacao sunt extrem de hidratante, contribuind la men\u021binerea elasticit\u0103\u021bii \u0219i catifel\u0103rii pielii, \u00een timp ce uleiul de avocado adaug\u0103 nutrien\u021bi esen\u021biali.<\/span><\/li>\n<li style=\"font-weight: 400;\" aria-level=\"1\"><b>Relaxare \u0219i calmare:<\/b><span style=\"font-weight: 400;\"> Uleiul esen\u021bial de lavand\u0103 este perfect pentru a induce o stare de lini\u0219te \u0219i relaxare, reduc\u00e2nd stresul \u0219i calm\u00e2nd at\u00e2t mintea, c\u00e2t \u0219i corpul.<\/span><\/li>\n<li style=\"font-weight: 400;\" aria-level=\"1\"><b>Masaj reconfortant:<\/b><span style=\"font-weight: 400;\"> C\u00e2nd lum\u00e2narea de masaj cu lavand\u0103 se tope\u0219te, uleiurile naturale devin ideale pentru un masaj delicat. Ajut\u0103 la relaxarea mu\u0219chilor obosi\u021bi \u0219i la \u00eembun\u0103t\u0103\u021birea circula\u021biei.<\/span><\/li>\n<li style=\"font-weight: 400;\" aria-level=\"1\"><b>Protec\u021bie \u0219i \u00eengrijire:<\/b><span style=\"font-weight: 400;\"> Ceara natural\u0103 de albine protejeaz\u0103 pielea, oferindu-i un strat de hidratare \u0219i protec\u021bie, iar aplicarea uniform\u0103 a uleiului de masaj asigur\u0103 o experien\u021b\u0103 de neuitat.<\/span><\/li>\n<\/ul>\n<h3><b>Instruc\u021biuni de folosire:<\/b><\/h3>\n<ol>\n<li style=\"font-weight: 400;\" aria-level=\"1\"><span style=\"font-weight: 400;\">Aprinde lum\u00e2narea de masaj cu lavand\u0103 \u0219i las\u0103-o s\u0103 ard\u0103 c\u00e2teva minute, p\u00e2n\u0103 c\u00e2nd ceara se tope\u0219te \u0219i se transform\u0103 \u00eentr-un ulei lichid.<\/span><\/li>\n<li style=\"font-weight: 400;\" aria-level=\"1\"><span style=\"font-weight: 400;\">Stinge lum\u00e2narea cu grij\u0103 \u00eenainte de a utiliza uleiul topit.<\/span><\/li>\n<li style=\"font-weight: 400;\" aria-level=\"1\"><span style=\"font-weight: 400;\">Testeaz\u0103 temperatura uleiului pe o mic\u0103 por\u021biune de piele pentru a te asigura c\u0103 nu este prea fierbinte.<\/span><\/li>\n<li style=\"font-weight: 400;\" aria-level=\"1\"><span style=\"font-weight: 400;\">Aplic\u0103 uleiul topit pe piele \u0219i maseaz\u0103 u\u0219or zona dorit\u0103, pentru a te bucura de efectele relaxante \u0219i hidratante.<\/span><\/li>\n<li style=\"font-weight: 400;\" aria-level=\"1\"><span style=\"font-weight: 400;\">Dup\u0103 masaj, pielea va r\u0103m\u00e2ne moale, catifelat\u0103 \u0219i pl\u0103cut parfumat\u0103.<\/span><\/li>\n<\/ol>\n<p><span style=\"font-weight: 400;\">Aceast\u0103 lum\u00e2nare de masaj creeaz\u0103 nu doar o atmosfer\u0103 cald\u0103 \u0219i relaxant\u0103, dar se transform\u0103 rapid \u00eentr-un ulei de masaj delicat. Perfect pentru momentele de r\u0103sf\u0103\u021b. Ideal\u0103 pentru a ad\u0103uga un plus de lux \u00een rutina de \u00eengrijire personal\u0103 sau pentru a o <a href=\"https:\/\/www.facebook.com\/photo.php?fbid=122197627730056559&amp;set=pb.61551696790268.-2207520000&amp;type=3\">oferi cadou<\/a>.<\/span><\/p>\n<p><b>INCI:<\/b><span style=\"font-weight: 400;\"> Cera Alba, Theobroma Cacao Seed Butter, Butyrospermum Parkii Butter, Persea Gratissima Oil, <a href=\"https:\/\/inlavanda.ro\/product\/ulei-esential-de-lavanda\/\">Lavandula Angustifolia Oil<\/a><\/span><\/p>","protected":false},"excerpt":{"rendered":"<p>\u00a0Transform\u0103-\u021bi momentele de relaxare \u00eentr-o adev\u0103rat\u0103 experien\u021b\u0103 senzorial\u0103 cu lum\u00e2narea de masaj cu lavand\u0103. Aceast\u0103 lum\u00e2nare se tope\u0219te \u00eentr-o mas\u0103 de uleiuri naturale care hr\u0103nesc \u0219i hidrateaz\u0103 pielea, fiind ideal\u0103 pentru un masaj relaxant. Dup\u0103 topire, uleiurile l\u0103sate pe piele sunt extrem de hidratante \u0219i emoliente, l\u0103s\u00e2nd pielea catifelat\u0103 \u0219i calmat\u0103. Aroma subtil\u0103 de lavand\u0103&#8230;<\/p>","protected":false},"featured_media":323,"comment_status":"closed","ping_status":"closed","template":"","meta":{"_kad_post_transparent":"default","_kad_post_title":"","_kad_post_layout":"default","_kad_post_sidebar_id":"","_kad_post_content_style":"default","_kad_post_vertical_padding":"default","_kad_post_feature":"","_kad_post_feature_position":"","_kad_post_header":false,"_kad_post_footer":false,"slim_seo":{"title":"Lum\u00e2narea de masaj cu lavand\u0103","description":"Lum\u00e2narea de masaj cu lavand\u0103 - experien\u021b\u0103 senzorial\u0103 ce hr\u0103ne\u0219te \u0219i hidrateaz\u0103 pielea, fiind ideal\u0103 pentru un masaj relaxant."}},"product_brand":[],"product_cat":[18],"product_tag":[],"class_list":{"0":"post-298","1":"product","2":"type-product","3":"status-publish","4":"has-post-thumbnail","6":"product_cat-uncategorized","8":"first","9":"onbackorder","10":"shipping-taxable","11":"purchasable","12":"product-type-simple","13":"entry","14":"content-bg","15":"loop-entry"},"_links":{"self":[{"href":"https:\/\/inlavanda.ro\/en\/wp-json\/wp\/v2\/product\/298","targetHints":{"allow":["GET"]}}],"collection":[{"href":"https:\/\/inlavanda.ro\/en\/wp-json\/wp\/v2\/product"}],"about":[{"href":"https:\/\/inlavanda.ro\/en\/wp-json\/wp\/v2\/types\/product"}],"replies":[{"embeddable":true,"href":"https:\/\/inlavanda.ro\/en\/wp-json\/wp\/v2\/comments?post=298"}],"wp:featuredmedia":[{"embeddable":true,"href":"https:\/\/inlavanda.ro\/en\/wp-json\/wp\/v2\/media\/323"}],"wp:attachment":[{"href":"https:\/\/inlavanda.ro\/en\/wp-json\/wp\/v2\/media?parent=298"}],"wp:term":[{"taxonomy":"product_brand","embeddable":true,"href":"https:\/\/inlavanda.ro\/en\/wp-json\/wp\/v2\/product_brand?post=298"},{"taxonomy":"product_cat","embeddable":true,"href":"https:\/\/inlavanda.ro\/en\/wp-json\/wp\/v2\/product_cat?post=298"},{"taxonomy":"product_tag","embeddable":true,"href":"https:\/\/inlavanda.ro\/en\/wp-json\/wp\/v2\/product_tag?post=298"}],"curies":[{"name":"wp","href":"https:\/\/api.w.org\/{rel}","templated":true}]}}