{"id":489,"date":"2025-07-10T10:44:29","date_gmt":"2025-07-10T07:44:29","guid":{"rendered":"https:\/\/inlavanda.ro\/?post_type=product&#038;p=489"},"modified":"2025-07-15T16:28:05","modified_gmt":"2025-07-15T13:28:05","slug":"saculet-cu-floare-de-lavanda","status":"publish","type":"product","link":"https:\/\/inlavanda.ro\/en\/product\/saculet-cu-floare-de-lavanda\/","title":{"rendered":"S\u0103cule\u021b cu floare de lavand\u0103"},"content":{"rendered":"<p data-start=\"105\" data-end=\"178\"><strong data-start=\"105\" data-end=\"176\">S\u0103cule\u021b parfumat cu lavand\u0103 \u2013 r\u0103sf\u0103\u021b natural pentru sim\u021buri \u0219i cas\u0103<\/strong><\/p>\n<p data-start=\"180\" data-end=\"459\">Bucur\u0103-te de farmecul lavandei rom\u00e2ne\u0219ti, adunat\u0103 manual \u0219i ambalat\u0103 cu grij\u0103 \u00een s\u0103cule\u021be delicate. <a href=\"https:\/\/inlavanda.ro\/product\/buchet-de-lavanda-uscata\/\">Lavanda<\/a> va aduce un strop de natur\u0103 \u0219i relaxare \u00een via\u021ba ta. S\u0103cule\u021bele noastre con\u021bin flori uscate de lavand\u0103 100% natural\u0103. Florile sunt cultivate sustenabil, f\u0103r\u0103 pesticide sau alte chimicale.<\/p>\n<p data-start=\"461\" data-end=\"522\"><strong data-start=\"461\" data-end=\"520\">Ce beneficii \u0219i \u00eentrebuin\u021b\u0103ri are <a href=\"https:\/\/www.facebook.com\/photo?fbid=122215660106056559&amp;set=pcb.122215660322056559\">s\u0103cule\u021bul cu lavand\u0103<\/a>?<\/strong><\/p>\n<p data-start=\"461\" data-end=\"522\">\u00a0<strong data-start=\"527\" data-end=\"543\">Pentru cas\u0103:<\/strong><br data-start=\"543\" data-end=\"546\" \/>\u2714 Parfumeaz\u0103 dulapurile, sertarele \u0219i \u00eenc\u0103l\u021b\u0103rile, p\u0103str\u00e2ndu-le proaspete \u0219i ferite de mirosuri nepl\u0103cute.<br data-start=\"652\" data-end=\"655\" \/>\u2714 \u021aine departe moliile din garderob\u0103, \u00eentr-un mod natural \u0219i pl\u0103cut.<br data-start=\"723\" data-end=\"726\" \/>\u2714 Pune-l \u00een baie, pe noptiere sau \u00een hol, pentru un parfum subtil de calm \u0219i cur\u0103\u021benie.<\/p>\n<p data-start=\"815\" data-end=\"1156\"><strong data-start=\"818\" data-end=\"834\">Special pentru tine:<\/strong><br data-start=\"834\" data-end=\"837\" \/>\u2714 Relaxeaz\u0103-te mai u\u0219or pun\u00e2nd s\u0103cule\u021bul l\u00e2ng\u0103 pern\u0103 \u2013 aroma de lavand\u0103 ajut\u0103 la reducerea stresului \u0219i \u00eembun\u0103t\u0103\u021birea somnului.<br data-start=\"964\" data-end=\"967\" \/>\u2714 Pune-l \u00een geant\u0103 sau ma\u0219in\u0103, pentru un miros proasp\u0103t oriunde mergi.<br data-start=\"1037\" data-end=\"1040\" \/>\u2714 Utilizeaz\u0103-l ca accesoriu de aromaterapie \u00een birou, l\u00e2ng\u0103 spa\u021biul de lucru, pentru un plus de calm \u0219i concentrare.<\/p>\n<p data-start=\"1158\" data-end=\"1441\"><strong data-start=\"1161\" data-end=\"1189\">\u00cen momentele speciale:<\/strong><br data-start=\"1189\" data-end=\"1192\" \/>\u2714 Ofer\u0103 ca m\u0103rturie un s\u0103cule\u021b parfumat cu lavand\u0103\u00a0la nun\u021bi, botezuri sau alte evenimente \u2013 un cadou natural \u0219i elegant.<br data-start=\"1283\" data-end=\"1286\" \/>\u2714 Folose\u0219te-l ca decor rustic \u00een cas\u0103, la evenimente sau \u00een fotografii.<br data-start=\"1357\" data-end=\"1360\" \/>\u2714 Pune-l \u00een bagaj c\u00e2nd c\u0103l\u0103tore\u0219ti, ca s\u0103-\u021bi p\u0103strezi hainele fresh \u0219i parfumate.<\/p>\n<p data-start=\"1443\" data-end=\"1663\"><strong data-start=\"1443\" data-end=\"1462\">Detalii produs:<\/strong><br data-start=\"1462\" data-end=\"1465\" \/>\u00a0Lavand\u0103 natural\u0103, uscat\u0103, provenit\u0103 din Rom\u00e2nia.<br data-start=\"1522\" data-end=\"1525\" \/>\u00a0S\u0103cule\u021b material organza.<br data-start=\"1556\" data-end=\"1559\" \/>\u00a0Rezisten\u021b\u0103 \u00eendelungat\u0103 \u2013 dac\u0103 aroma scade \u00een timp, fr\u0103m\u00e2nt\u0103 u\u0219or s\u0103cule\u021bul pentru a reactiva parfumul.<\/p>","protected":false},"excerpt":{"rendered":"<p>S\u0103cule\u021b parfumat cu lavand\u0103 \u2013 r\u0103sf\u0103\u021b natural pentru sim\u021buri \u0219i cas\u0103 Bucur\u0103-te de farmecul lavandei rom\u00e2ne\u0219ti, adunat\u0103 manual \u0219i ambalat\u0103 cu grij\u0103 \u00een s\u0103cule\u021be delicate. Lavanda va aduce un strop de natur\u0103 \u0219i relaxare \u00een via\u021ba ta. S\u0103cule\u021bele noastre con\u021bin flori uscate de lavand\u0103 100% natural\u0103. Florile sunt cultivate sustenabil, f\u0103r\u0103 pesticide sau alte chimicale&#8230;.<\/p>","protected":false},"featured_media":497,"comment_status":"closed","ping_status":"closed","template":"","meta":{"_kad_post_transparent":"default","_kad_post_title":"","_kad_post_layout":"default","_kad_post_sidebar_id":"","_kad_post_content_style":"default","_kad_post_vertical_padding":"default","_kad_post_feature":"","_kad_post_feature_position":"","_kad_post_header":false,"_kad_post_footer":false,"slim_seo":{"description":"Acest s\u0103cule\u021b parfumat cu lavand\u0103 con\u021bine flori uscate de lavand\u0103 100% natural\u0103. Florile provin din cultura noastr\u0103 f\u0103r\u0103 pesticide sau alte chimicale.","title":"S\u0103cule\u021b cu floare de lavand\u0103 - \u00cen LAVAND\u0102 cu Miky \u0219i Dan"}},"product_brand":[],"product_cat":[33],"product_tag":[],"class_list":{"0":"post-489","1":"product","2":"type-product","3":"status-publish","4":"has-post-thumbnail","6":"product_cat-relaxare","8":"first","9":"instock","10":"shipping-taxable","11":"purchasable","12":"product-type-simple","13":"entry","14":"content-bg","15":"loop-entry"},"_links":{"self":[{"href":"https:\/\/inlavanda.ro\/en\/wp-json\/wp\/v2\/product\/489","targetHints":{"allow":["GET"]}}],"collection":[{"href":"https:\/\/inlavanda.ro\/en\/wp-json\/wp\/v2\/product"}],"about":[{"href":"https:\/\/inlavanda.ro\/en\/wp-json\/wp\/v2\/types\/product"}],"replies":[{"embeddable":true,"href":"https:\/\/inlavanda.ro\/en\/wp-json\/wp\/v2\/comments?post=489"}],"wp:featuredmedia":[{"embeddable":true,"href":"https:\/\/inlavanda.ro\/en\/wp-json\/wp\/v2\/media\/497"}],"wp:attachment":[{"href":"https:\/\/inlavanda.ro\/en\/wp-json\/wp\/v2\/media?parent=489"}],"wp:term":[{"taxonomy":"product_brand","embeddable":true,"href":"https:\/\/inlavanda.ro\/en\/wp-json\/wp\/v2\/product_brand?post=489"},{"taxonomy":"product_cat","embeddable":true,"href":"https:\/\/inlavanda.ro\/en\/wp-json\/wp\/v2\/product_cat?post=489"},{"taxonomy":"product_tag","embeddable":true,"href":"https:\/\/inlavanda.ro\/en\/wp-json\/wp\/v2\/product_tag?post=489"}],"curies":[{"name":"wp","href":"https:\/\/api.w.org\/{rel}","templated":true}]}}