{"id":639,"date":"2025-12-12T15:23:33","date_gmt":"2025-12-12T13:23:33","guid":{"rendered":"https:\/\/inlavanda.ro\/?post_type=product&#038;p=639"},"modified":"2026-02-01T12:38:41","modified_gmt":"2026-02-01T10:38:41","slug":"sapun-natural-cu-lavanda-si-menta-hidratant","status":"publish","type":"product","link":"https:\/\/inlavanda.ro\/en\/product\/sapun-natural-cu-lavanda-si-menta-hidratant\/","title":{"rendered":"S\u0103pun natural cu lavand\u0103 \u0219i ment\u0103 \u2013 hidratant"},"content":{"rendered":"<p>S\u0103pun natural cu lavand\u0103 \u0219i ment\u0103<br \/>\nBucur\u0103-te de o cur\u0103\u021bare delicat\u0103 \u0219i eficient\u0103 cu s\u0103punul nostru natural. Este realizat din ingrediente pure, care \u00eengrijesc pielea \u00een profunzime. F\u0103r\u0103 aditivi chimici, acest s\u0103pun este ideal pentru a \u00eengriji orice tip de piele, l\u0103s\u00e2nd-o curat\u0103, hidratat\u0103 \u0219i catifelat\u0103.<\/p>\n<p><b>Beneficii generale:<\/b><\/p>\n<ul>\n<li aria-level=\"1\"><b>Cur\u0103\u021bare delicat\u0103:<\/b> Combina\u021bia de uleiuri naturale cur\u0103\u021b\u0103 pielea f\u0103r\u0103 a o deshidrata sau irita, men\u021bin\u00e2nd echilibrul natural de umiditate al acesteia.<\/li>\n<li aria-level=\"1\"><b>Hidratare \u0219i protec\u021bie:<\/b> Ingrediente precum <a href=\"https:\/\/www.facebook.com\/photo.php?fbid=122197627730056559&amp;set=pb.61551696790268.-2207520000&amp;type=3\">mierea<\/a> de albine \u0219i glicerina sunt extrem de hidratante, ajut\u00e2nd la men\u021binerea unui nivel optim de umiditate \u0219i protej\u00e2nd pielea de deshidratare.<\/li>\n<li aria-level=\"1\"><b>Calmarea pielii:<\/b> Uleiul esen\u021bial de lavand\u0103 adaug\u0103 o not\u0103 relaxant\u0103 \u0219i are propriet\u0103\u021bi antiseptice \u0219i antiinflamatoare. Perfect pentru calmarea pielii iritate sau sensibile.<\/li>\n<li aria-level=\"1\"><b>Revitalizare natural\u0103:<\/b> F\u0103r\u0103 aditivi chimici sau conservan\u021bi, acest s\u0103pun \u00eengrije\u0219te pielea cu ingrediente pur naturale, l\u0103s\u00e2nd-o radiant\u0103 \u0219i s\u0103n\u0103toas\u0103.<\/li>\n<\/ul>\n<p>Acest s\u0103pun natural cu lavand\u0103 \u0219i ment\u0103 este perfect pentru utilizarea zilnic\u0103. Ofer\u0103 o \u00eengrijire delicat\u0103 pentru pielea fe\u021bei \u0219i a corpului. Potrivit oric\u0103rei rutine de \u00eengrijire. Indiferent dac\u0103 ai pielea uscat\u0103, sensibil\u0103 sau normal\u0103 \u00ee\u021bi va oferi hidratare \u0219i cur\u0103\u021bare, f\u0103r\u0103 a l\u0103sa reziduuri sau senza\u021bia de uscare.<\/p>\n<p><b>INCI:<\/b> Glycerin, Ricinus Communis Seed Oil, Prunus Amygdalus Dulcis Oil, Persea Gratissima Oil, Cocos Nucifera Oil, Mel, <a href=\"https:\/\/inlavanda.ro\/product\/ulei-esential-de-lavanda-100-pur-roll-on-3-ml\/\">Lavandula Angustifolia Oil,<\/a> Mentha Piperita Oil.<\/p>\n<p><a class=\"zReHs\" href=\"https:\/\/incibeauty.com\/en\/ingredients\/18382-mentha-piperita-oil\" data-ved=\"2ahUKEwil6oy1kLiRAxVLSfEDHZd4F-UQFnoECAwQAQ\" data-sb=\"\/url?sa=t&amp;source=web&amp;rct=j&amp;opi=89978449&amp;url=https:\/\/incibeauty.com\/en\/ingredients\/18382-mentha-piperita-oil&amp;ved=2ahUKEwil6oy1kLiRAxVLSfEDHZd4F-UQFnoECAwQAQ&amp;usg=AOvVaw3S0CqpzRwtvUEM7ulwSZ5F\">\u00a0<\/a><\/p>\n<div class=\"notranslate ESMNde HGLrXd ojE3Fb\">\n<div class=\"q0vns\">\n<div class=\"eqA2re UnOTSe Vwoesf\" aria-hidden=\"true\"><\/div>\n<\/div>\n<\/div>\n<p>&nbsp;<\/p>","protected":false},"excerpt":{"rendered":"<p>S\u0103pun natural cu lavand\u0103 \u0219i ment\u0103 Bucur\u0103-te de o cur\u0103\u021bare delicat\u0103 \u0219i eficient\u0103 cu s\u0103punul nostru natural. Este realizat din ingrediente pure, care \u00eengrijesc pielea \u00een profunzime. F\u0103r\u0103 aditivi chimici, acest s\u0103pun este ideal pentru a \u00eengriji orice tip de piele, l\u0103s\u00e2nd-o curat\u0103, hidratat\u0103 \u0219i catifelat\u0103. Beneficii generale: Cur\u0103\u021bare delicat\u0103: Combina\u021bia de uleiuri naturale cur\u0103\u021b\u0103&#8230;<\/p>","protected":false},"featured_media":640,"comment_status":"closed","ping_status":"closed","template":"","meta":{"_kad_post_transparent":"default","_kad_post_title":"","_kad_post_layout":"default","_kad_post_sidebar_id":"","_kad_post_content_style":"default","_kad_post_vertical_padding":"default","_kad_post_feature":"","_kad_post_feature_position":"","_kad_post_header":false,"_kad_post_footer":false,"slim_seo":{"title":"S\u0103pun natural cu lavand\u0103 \u0219i ment\u0103 \u2013 hidratant - \u00cen LAVAND\u0102 cu Miky \u0219i Dan","description":"S\u0103pun natural cu lavand\u0103 \u0219i ment\u0103 Bucur\u0103-te de o cur\u0103\u021bare delicat\u0103 \u0219i eficient\u0103 cu s\u0103punul nostru natural. Este realizat din ingrediente pure, care \u00eengrijesc pi"}},"product_brand":[],"product_cat":[18],"product_tag":[],"class_list":{"0":"post-639","1":"product","2":"type-product","3":"status-publish","4":"has-post-thumbnail","6":"product_cat-uncategorized","8":"first","9":"instock","10":"shipping-taxable","11":"purchasable","12":"product-type-variable","13":"entry","14":"content-bg","15":"loop-entry"},"_links":{"self":[{"href":"https:\/\/inlavanda.ro\/en\/wp-json\/wp\/v2\/product\/639","targetHints":{"allow":["GET"]}}],"collection":[{"href":"https:\/\/inlavanda.ro\/en\/wp-json\/wp\/v2\/product"}],"about":[{"href":"https:\/\/inlavanda.ro\/en\/wp-json\/wp\/v2\/types\/product"}],"replies":[{"embeddable":true,"href":"https:\/\/inlavanda.ro\/en\/wp-json\/wp\/v2\/comments?post=639"}],"wp:featuredmedia":[{"embeddable":true,"href":"https:\/\/inlavanda.ro\/en\/wp-json\/wp\/v2\/media\/640"}],"wp:attachment":[{"href":"https:\/\/inlavanda.ro\/en\/wp-json\/wp\/v2\/media?parent=639"}],"wp:term":[{"taxonomy":"product_brand","embeddable":true,"href":"https:\/\/inlavanda.ro\/en\/wp-json\/wp\/v2\/product_brand?post=639"},{"taxonomy":"product_cat","embeddable":true,"href":"https:\/\/inlavanda.ro\/en\/wp-json\/wp\/v2\/product_cat?post=639"},{"taxonomy":"product_tag","embeddable":true,"href":"https:\/\/inlavanda.ro\/en\/wp-json\/wp\/v2\/product_tag?post=639"}],"curies":[{"name":"wp","href":"https:\/\/api.w.org\/{rel}","templated":true}]}}