{"id":65,"date":"2024-09-29T17:24:38","date_gmt":"2024-09-29T14:24:38","guid":{"rendered":"https:\/\/inlavanda.ro\/?post_type=product&#038;p=65"},"modified":"2025-12-12T15:26:44","modified_gmt":"2025-12-12T13:26:44","slug":"ulei-esential-de-lavanda","status":"publish","type":"product","link":"https:\/\/inlavanda.ro\/en\/product\/ulei-esential-de-lavanda\/","title":{"rendered":"Ulei esen\u021bial de lavand\u0103 100% pur \u2013 sticlu\u021b\u0103 10 ml"},"content":{"rendered":"<div class=\"xdj266r x11i5rnm xat24cr x1mh8g0r x1vvkbs x126k92a\">\n<div dir=\"auto\">\n<p><span style=\"font-weight: 400;\">Alege natura \u00een forma sa cea mai pur\u0103 cu uleiul nostru esen\u021bial de lavand\u0103 100% pur. Este ob\u021binut din soiul premium <\/span><a href=\"https:\/\/inlavanda.ro\/product\/buchet-de-lavanda-uscata\/\"><b>Lavandula angustifolia Sevtopolis Vera<\/b><\/a><span style=\"font-weight: 400;\">. Distilat cu aten\u021bie din lavanda cultivat\u0103 \u0219i lucrat\u0103 manual pe planta\u021biile noastre. Acest ulei esen\u021bial de lavand\u0103 \u00ee\u021bi aduce beneficiile autentice ale unei plante renumite pentru efectele sale relaxante \u0219i terapeutice.<\/span><\/p>\n<p><span style=\"font-weight: 400;\">Ambalat \u00eentr-o <span style=\"text-decoration: underline;\"><a href=\"https:\/\/www.facebook.com\/photo?fbid=122209525562056559&amp;set=pcb.122209525952056559\">sticlu\u021b\u0103 elegant\u0103 de 10 ml<\/a><\/span>, disponibil\u0103 cu pulverizator pentru o aplicare uniform\u0103 sau cu pipet\u0103 pentru un dozaj precis. Va fi alegerea perfect\u0103 pentru aromaterapie, \u00eengrijirea pielii sau momentele tale de relaxare. Fiecare pic\u0103tur\u0103 eman\u0103 aroma fin\u0103, floral\u0103, care aduce calm \u0219i armonie \u00een orice \u00eemprejurare.<\/span><\/p>\n<\/div>\n<\/div>\n<div class=\"x11i5rnm xat24cr x1mh8g0r x1vvkbs xtlvy1s x126k92a\">\n<div dir=\"auto\"><\/div>\n<h3 dir=\"auto\"><span class=\"html-span xexx8yu x4uap5 x18d9i69 xkhd6sd x1hl2dhg x16tdsg8 x1vvkbs x3nfvp2 x1j61x8r x1fcty0u xdj266r xat24cr xgzva0m xhhsvwb xxymvpz xlup9mm x1kky2od\"><strong><span style=\"font-family: var(--global-body-font-family);\">Beneficii fizice:<\/span><\/strong><br \/>\n<\/span><\/h3>\n<div dir=\"auto\">&#8211; Calmeaz\u0103 irita\u021biile pielii: Uleiul de lavand\u0103 are propriet\u0103\u021bi antiinflamatorii \u0219i antiseptice, fiind eficient \u00een tratarea micilor arsuri, t\u0103ieturi sau mu\u0219c\u0103turi de insecte.<\/div>\n<div dir=\"auto\">&#8211; Amelioreaz\u0103 durerile de cap \u0219i migrenele: Inhalarea sau aplicarea local\u0103 a pic\u0103turilor de ulei esen\u021bial de lavand\u0103 poate reduce intensitatea durerilor de cap.<\/div>\n<div dir=\"auto\">&#8211; \u00cembun\u0103t\u0103\u021be\u0219te calitatea somnului: Datorit\u0103 efectelor sale calmante, uleiul de lavand\u0103 este adesea folosit pentru a induce un somn profund \u0219i odihnitor. Ideal pentru persoanele care sufer\u0103 de insomnie.<\/div>\n<div dir=\"auto\">&#8211; Reduce durerile musculare: Masajul cu ulei de lavand\u0103 poate ajuta la relaxarea mu\u0219chilor tensiona\u021bi, dar \u0219i la reducerea durerilor articulare.<\/div>\n<div dir=\"auto\">&#8211; Sus\u021bine vindecarea r\u0103nilor: Propriet\u0103\u021bile antimicrobiene \u0219i regenerative ale uleiului de lavand\u0103 pot accelera procesul de vindecare a r\u0103nilor minore.<\/div>\n<div dir=\"auto\"><\/div>\n<\/div>\n<div class=\"x11i5rnm xat24cr x1mh8g0r x1vvkbs xtlvy1s x126k92a\">\n<h3 dir=\"auto\"><strong>\u00a0Beneficii psihice:<\/strong><\/h3>\n<div dir=\"auto\">&#8211; Reduce stresul \u0219i anxietatea: Uleiul de lavand\u0103 este cunoscut pentru efectele sale anxiolitice. Ajut\u0103 la reducerea stresului \u0219i la calmarea min\u021bii.<\/div>\n<div dir=\"auto\">&#8211; \u00cembun\u0103t\u0103\u021be\u0219te starea de spirit: Aroma lavandei poate ridica moralul, fiind util\u0103 \u00een combaterea depresiei u\u0219oare \u0219i a sentimentelor de triste\u021be.<\/div>\n<div dir=\"auto\">&#8211; Promoveaz\u0103 relaxarea: Uleiul de lavand\u0103 induce o stare de relaxare profund\u0103, fiind ideal pentru practici de medita\u021bie sau \u00eenainte de culcare.<\/div>\n<div dir=\"auto\">&#8211; Ajut\u0103 la claritatea mental\u0103: Este cunoscut\u0103 mai ales pentru efectele sale calmante. Lavanda poate \u0219i s\u0103 \u00eembun\u0103t\u0103\u021beasc\u0103 focusul \u0219i claritatea mental\u0103, fiind util\u0103 \u00een perioadele de stres intelectual.<\/div>\n<\/div>\n<div class=\"x11i5rnm xat24cr x1mh8g0r x1vvkbs xtlvy1s x126k92a\">\n<div dir=\"auto\"><\/div>\n<div dir=\"auto\">\u00a0Uleiul de lavand\u0103 este astfel un aliat versatil pentru men\u021binerea echilibrului fizic \u0219i mental.<\/div>\n<div dir=\"auto\"><\/div>\n<\/div>\n<div dir=\"auto\"><b>INCI:<\/b><span style=\"font-weight: 400;\"> Lavandula Angustifolia Oil<\/span><\/div>","protected":false},"excerpt":{"rendered":"<p>Alege natura \u00een forma sa cea mai pur\u0103 cu uleiul nostru esen\u021bial de lavand\u0103 100% pur. Este ob\u021binut din soiul premium Lavandula angustifolia Sevtopolis Vera. Distilat cu aten\u021bie din lavanda cultivat\u0103 \u0219i lucrat\u0103 manual pe planta\u021biile noastre. Acest ulei esen\u021bial de lavand\u0103 \u00ee\u021bi aduce beneficiile autentice ale unei plante renumite pentru efectele sale relaxante \u0219i&#8230;<\/p>","protected":false},"featured_media":535,"comment_status":"closed","ping_status":"closed","template":"","meta":{"_kad_post_transparent":"default","_kad_post_title":"","_kad_post_layout":"default","_kad_post_sidebar_id":"","_kad_post_content_style":"default","_kad_post_vertical_padding":"default","_kad_post_feature":"","_kad_post_feature_position":"","_kad_post_header":false,"_kad_post_footer":false,"slim_seo":{"title":"Ulei esen\u021bial de lavand\u0103","description":"Ulei esen\u021bial de lavand\u0103 100% natural - \u00ee\u021bi aduce beneficiile autentice ale unei plante renumite pentru efectele sale relaxante \u0219i terapeutice."}},"product_brand":[],"product_cat":[31,34,33],"product_tag":[],"class_list":{"0":"post-65","1":"product","2":"type-product","3":"status-publish","4":"has-post-thumbnail","6":"product_cat-hidratare","7":"product_cat-ingrijire-corporala","8":"product_cat-relaxare","10":"first","11":"instock","12":"shipping-taxable","13":"purchasable","14":"product-type-variable","15":"has-default-attributes","16":"entry","17":"content-bg","18":"loop-entry"},"_links":{"self":[{"href":"https:\/\/inlavanda.ro\/en\/wp-json\/wp\/v2\/product\/65","targetHints":{"allow":["GET"]}}],"collection":[{"href":"https:\/\/inlavanda.ro\/en\/wp-json\/wp\/v2\/product"}],"about":[{"href":"https:\/\/inlavanda.ro\/en\/wp-json\/wp\/v2\/types\/product"}],"replies":[{"embeddable":true,"href":"https:\/\/inlavanda.ro\/en\/wp-json\/wp\/v2\/comments?post=65"}],"wp:featuredmedia":[{"embeddable":true,"href":"https:\/\/inlavanda.ro\/en\/wp-json\/wp\/v2\/media\/535"}],"wp:attachment":[{"href":"https:\/\/inlavanda.ro\/en\/wp-json\/wp\/v2\/media?parent=65"}],"wp:term":[{"taxonomy":"product_brand","embeddable":true,"href":"https:\/\/inlavanda.ro\/en\/wp-json\/wp\/v2\/product_brand?post=65"},{"taxonomy":"product_cat","embeddable":true,"href":"https:\/\/inlavanda.ro\/en\/wp-json\/wp\/v2\/product_cat?post=65"},{"taxonomy":"product_tag","embeddable":true,"href":"https:\/\/inlavanda.ro\/en\/wp-json\/wp\/v2\/product_tag?post=65"}],"curies":[{"name":"wp","href":"https:\/\/api.w.org\/{rel}","templated":true}]}}