{"id":683,"date":"2026-02-13T12:52:09","date_gmt":"2026-02-13T10:52:09","guid":{"rendered":"https:\/\/inlavanda.ro\/?post_type=product&#038;p=683"},"modified":"2026-02-13T13:02:22","modified_gmt":"2026-02-13T11:02:22","slug":"martisor-parfumat-odorizant-dulap","status":"publish","type":"product","link":"https:\/\/inlavanda.ro\/en\/product\/martisor-parfumat-odorizant-dulap\/","title":{"rendered":"M\u0103r\u021bi\u0219or parfumat &#8211; odorizant dulap"},"content":{"rendered":"<p>Odorizantul de dulap &#8211; m\u0103r\u021bi\u0219or parfumat \u00ee\u021bi va oferi un miros pl\u0103cut \u00een spa\u021biile mici (sertar\/dulap).<\/p>\n<p>Este lucrat manual, realizat din cear\u0103 natural\u0103 de soia parfumat cu ulei esen\u021bial pur de lavand\u0103 de lavand\u0103.<\/p>\n<p>Mirosul poate persista p\u00e2n\u0103 la 3 luni, dup\u0103 aceast\u0103 perioada, dac\u0103 intensitatea mirosului scade, este suficient sa \u00eel folosi\u021bi \u00eentr-o candela pentru arome pentru a v\u0103 bucura de parfumul lavandei.<\/p>","protected":false},"excerpt":{"rendered":"<p>Odorizantul de dulap &#8211; m\u0103r\u021bi\u0219or parfumat \u00ee\u021bi va oferi un miros pl\u0103cut \u00een spa\u021biile mici (sertar\/dulap). Este lucrat manual, realizat din cear\u0103 natural\u0103 de soia parfumat cu ulei esen\u021bial pur de lavand\u0103 de lavand\u0103. Mirosul poate persista p\u00e2n\u0103 la 3 luni, dup\u0103 aceast\u0103 perioada, dac\u0103 intensitatea mirosului scade, este suficient sa \u00eel folosi\u021bi \u00eentr-o candela&#8230;<\/p>","protected":false},"featured_media":684,"comment_status":"closed","ping_status":"closed","template":"","meta":{"_kad_post_transparent":"default","_kad_post_title":"","_kad_post_layout":"default","_kad_post_sidebar_id":"","_kad_post_content_style":"default","_kad_post_vertical_padding":"default","_kad_post_feature":"","_kad_post_feature_position":"","_kad_post_header":false,"_kad_post_footer":false,"slim_seo":{"title":"M\u0103r\u021bi\u0219or parfumat - odorizant dulap - \u00cen LAVAND\u0102 cu Miky \u0219i Dan","description":"Odorizantul de dulap - m\u0103r\u021bi\u0219or parfumat \u00ee\u021bi va oferi un miros pl\u0103cut \u00een spa\u021biile mici (sertar\/dulap). Este lucrat manual, realizat din cear\u0103 natural\u0103 de soia p"}},"product_brand":[],"product_cat":[18],"product_tag":[],"class_list":{"0":"post-683","1":"product","2":"type-product","3":"status-publish","4":"has-post-thumbnail","6":"product_cat-uncategorized","8":"first","9":"instock","10":"shipping-taxable","11":"purchasable","12":"product-type-simple","13":"entry","14":"content-bg","15":"loop-entry"},"_links":{"self":[{"href":"https:\/\/inlavanda.ro\/en\/wp-json\/wp\/v2\/product\/683","targetHints":{"allow":["GET"]}}],"collection":[{"href":"https:\/\/inlavanda.ro\/en\/wp-json\/wp\/v2\/product"}],"about":[{"href":"https:\/\/inlavanda.ro\/en\/wp-json\/wp\/v2\/types\/product"}],"replies":[{"embeddable":true,"href":"https:\/\/inlavanda.ro\/en\/wp-json\/wp\/v2\/comments?post=683"}],"wp:featuredmedia":[{"embeddable":true,"href":"https:\/\/inlavanda.ro\/en\/wp-json\/wp\/v2\/media\/684"}],"wp:attachment":[{"href":"https:\/\/inlavanda.ro\/en\/wp-json\/wp\/v2\/media?parent=683"}],"wp:term":[{"taxonomy":"product_brand","embeddable":true,"href":"https:\/\/inlavanda.ro\/en\/wp-json\/wp\/v2\/product_brand?post=683"},{"taxonomy":"product_cat","embeddable":true,"href":"https:\/\/inlavanda.ro\/en\/wp-json\/wp\/v2\/product_cat?post=683"},{"taxonomy":"product_tag","embeddable":true,"href":"https:\/\/inlavanda.ro\/en\/wp-json\/wp\/v2\/product_tag?post=683"}],"curies":[{"name":"wp","href":"https:\/\/api.w.org\/{rel}","templated":true}]}}