{"id":685,"date":"2026-02-13T13:11:17","date_gmt":"2026-02-13T11:11:17","guid":{"rendered":"https:\/\/inlavanda.ro\/?post_type=product&#038;p=685"},"modified":"2026-02-13T13:11:20","modified_gmt":"2026-02-13T11:11:20","slug":"martisor-relaxant-ulei-esential-de-lavanda","status":"publish","type":"product","link":"https:\/\/inlavanda.ro\/en\/product\/martisor-relaxant-ulei-esential-de-lavanda\/","title":{"rendered":"M\u0103r\u021bi\u0219or relaxant &#8211; ulei esen\u021bial de lavand\u0103"},"content":{"rendered":"<p><span style=\"font-weight: 400;\">Alege s\u0103 oferi calmul \u0219i echilibrul persoanelor speciale din via\u021ba ta, alege uleiul nostru esen\u021bial de lavand\u0103 100% pur. Vine ambalat \u00eentr-un recipient practic de sticl\u0103 cu aplicator roll-on. Ob\u021binut din soiul premium <\/span><b>Lavandula angustifolia Sevtopolis &#8211; \u201eVera\u201d.<\/b><span style=\"font-weight: 400;\"> Acest<a href=\"https:\/\/inlavanda.ro\/product\/ulei-esential-de-lavanda-100-pur-roll-on-3-ml\/\"> ulei esen\u021bial de lavanda 3ml<\/a> este distilat cu grij\u0103 din lavanda cultivat\u0103 \u0219i lucrat\u0103 manual pe planta\u021biile noastre.<\/span><\/p>","protected":false},"excerpt":{"rendered":"<p>Alege s\u0103 oferi calmul \u0219i echilibrul persoanelor speciale din via\u021ba ta, alege uleiul nostru esen\u021bial de lavand\u0103 100% pur. Vine ambalat \u00eentr-un recipient practic de sticl\u0103 cu aplicator roll-on. Ob\u021binut din soiul premium Lavandula angustifolia Sevtopolis &#8211; \u201eVera\u201d. Acest ulei esen\u021bial de lavanda 3ml este distilat cu grij\u0103 din lavanda cultivat\u0103 \u0219i lucrat\u0103 manual pe&#8230;<\/p>","protected":false},"featured_media":686,"comment_status":"closed","ping_status":"closed","template":"","meta":{"_kad_post_transparent":"default","_kad_post_title":"","_kad_post_layout":"default","_kad_post_sidebar_id":"","_kad_post_content_style":"default","_kad_post_vertical_padding":"default","_kad_post_feature":"","_kad_post_feature_position":"","_kad_post_header":false,"_kad_post_footer":false,"slim_seo":{"title":"M\u0103r\u021bi\u0219or relaxant - ulei esen\u021bial de lavand\u0103 - \u00cen LAVAND\u0102 cu Miky \u0219i Dan","description":"Alege s\u0103 oferi calmul \u0219i echilibrul persoanelor speciale din via\u021ba ta, alege uleiul nostru esen\u021bial de lavand\u0103 100% pur. Vine ambalat \u00eentr-un recipient practic"}},"product_brand":[],"product_cat":[18],"product_tag":[],"class_list":{"0":"post-685","1":"product","2":"type-product","3":"status-publish","4":"has-post-thumbnail","6":"product_cat-uncategorized","8":"first","9":"instock","10":"shipping-taxable","11":"purchasable","12":"product-type-simple","13":"entry","14":"content-bg","15":"loop-entry"},"_links":{"self":[{"href":"https:\/\/inlavanda.ro\/en\/wp-json\/wp\/v2\/product\/685","targetHints":{"allow":["GET"]}}],"collection":[{"href":"https:\/\/inlavanda.ro\/en\/wp-json\/wp\/v2\/product"}],"about":[{"href":"https:\/\/inlavanda.ro\/en\/wp-json\/wp\/v2\/types\/product"}],"replies":[{"embeddable":true,"href":"https:\/\/inlavanda.ro\/en\/wp-json\/wp\/v2\/comments?post=685"}],"wp:featuredmedia":[{"embeddable":true,"href":"https:\/\/inlavanda.ro\/en\/wp-json\/wp\/v2\/media\/686"}],"wp:attachment":[{"href":"https:\/\/inlavanda.ro\/en\/wp-json\/wp\/v2\/media?parent=685"}],"wp:term":[{"taxonomy":"product_brand","embeddable":true,"href":"https:\/\/inlavanda.ro\/en\/wp-json\/wp\/v2\/product_brand?post=685"},{"taxonomy":"product_cat","embeddable":true,"href":"https:\/\/inlavanda.ro\/en\/wp-json\/wp\/v2\/product_cat?post=685"},{"taxonomy":"product_tag","embeddable":true,"href":"https:\/\/inlavanda.ro\/en\/wp-json\/wp\/v2\/product_tag?post=685"}],"curies":[{"name":"wp","href":"https:\/\/api.w.org\/{rel}","templated":true}]}}