{"id":69,"date":"2024-09-29T17:35:04","date_gmt":"2024-09-29T14:35:04","guid":{"rendered":"https:\/\/inlavanda.ro\/?post_type=product&#038;p=69"},"modified":"2026-02-01T12:35:19","modified_gmt":"2026-02-01T10:35:19","slug":"apa-florala-de-lavanda","status":"publish","type":"product","link":"https:\/\/inlavanda.ro\/en\/product\/apa-florala-de-lavanda\/","title":{"rendered":"Ap\u0103 floral\u0103 de lavand\u0103 100 ml"},"content":{"rendered":"<p><span style=\"font-weight: 400;\">Descoper\u0103 versatilitatea <a href=\"https:\/\/www.facebook.com\/photo\/?fbid=122209525682056559&amp;set=pcb.122209525952056559\">apei de lavand\u0103 100% natural\u0103<\/a>, un produs unic, ob\u021binut prin distilarea florilor de lavand\u0103 provenite din cultura noastr\u0103 lucrat\u0103 manual, din soiul premium <\/span><a href=\"https:\/\/inlavanda.ro\/product\/buchet-de-lavanda-uscata\/\"><b>Lavandula angustifolia Sevtopolis Vera<\/b><\/a><span style=\"font-weight: 400;\">, aceast\u0103 ap\u0103 floral\u0103 de lavand\u0103 delicat\u0103 este un adev\u0103rat elixir pentru piele, p\u0103r \u0219i bun\u0103stare.<\/span><\/p>\n<div dir=\"auto\">\u00a0Cum se ob\u021bine?<\/div>\n<div dir=\"auto\">Apa de lavand\u0103 este rezultatul distil\u0103rii cu aburi a florilor de lavand\u0103. \u00cen timp ce uleiul se separ\u0103 \u00een partea superioar\u0103, partea apoas\u0103 p\u0103streaz\u0103 compu\u0219ii hidrosolubili \u0219i mirosul suav al lavandei. Este 100% natural\u0103, f\u0103r\u0103 adaosuri sau conservan\u021bi.<\/div>\n<div dir=\"auto\"><\/div>\n<p><b>\u00centrebuin\u021b\u0103ri multiple pentru rutina ta zilnic\u0103:<\/b><\/p>\n<ul>\n<li style=\"font-weight: 400;\" aria-level=\"1\"><b>\u00cengrijirea tenului:<\/b><span style=\"font-weight: 400;\"> Utilizat\u0103 ca tonic natural, calmeaz\u0103 irita\u021biile, reduce ro\u0219ea\u021ba \u0219i echilibreaz\u0103 pH-ul pielii. Este perfect\u0103 pentru tenul sensibil, gras sau predispus la imperfec\u021biuni.<\/span><\/li>\n<li style=\"font-weight: 400;\" aria-level=\"1\"><b>Hidratare rapid\u0103:<\/b><span style=\"font-weight: 400;\"> Pulverizeaz-o peste fa\u021b\u0103 sau corp \u00een timpul zilei pentru o senza\u021bie instant\u0103 de prospe\u021bime, mai ales \u00een zilele calde.<\/span><\/li>\n<li style=\"font-weight: 400;\" aria-level=\"1\"><b>Calmarea pielii dup\u0103 epilat:<\/b><span style=\"font-weight: 400;\"> Propriet\u0103\u021bile antiinflamatoare ajut\u0103 la reducerea disconfortului \u0219i irita\u021biilor dup\u0103 epilare.<\/span><\/li>\n<li style=\"font-weight: 400;\" aria-level=\"1\"><b>Parfum natural pentru lenjerie:<\/b><span style=\"font-weight: 400;\"> Folose\u0219te-o ca spray pentru pern\u0103 sau cear\u0219afuri, aduc\u00e2nd un aer de relaxare \u00eenainte de somn.<\/span><\/li>\n<li style=\"font-weight: 400;\" aria-level=\"1\"><b>Revigorarea p\u0103rului:<\/b><span style=\"font-weight: 400;\"> Pulverizat\u0103 pe scalp \u0219i p\u0103r, contribuie la calmarea irita\u021biilor \u0219i ofer\u0103 o str\u0103lucire natural\u0103.<\/span><\/li>\n<li style=\"font-weight: 400;\" aria-level=\"1\"><b>Aromaterapie:<\/b><span style=\"font-weight: 400;\"> Creeaz\u0103 o atmosfer\u0103 lini\u0219titoare \u00een cas\u0103 sau la birou prin c\u00e2teva pulveriz\u0103ri \u00een aer.<\/span><\/li>\n<\/ul>\n<p><span style=\"font-weight: 400;\">Recipientul de 100 ml cu pulverizator este practic \u0219i elegant, u\u0219or de luat cu tine oriunde. Aceast\u0103 ap\u0103 floral\u0103 de lavand\u0103 devine astfel partenerul t\u0103u indispensabil pentru \u00eengrijire \u0219i relaxare.<\/span><\/p>\n<p><b>INCI:<\/b><span style=\"font-weight: 400;\"> Lavandula Angustifolia Flower Water<\/span><\/p>\n<p><br style=\"font-weight: 400;\" \/><br style=\"font-weight: 400;\" \/><\/p>","protected":false},"excerpt":{"rendered":"<p>Descoper\u0103 versatilitatea apei de lavand\u0103 100% natural\u0103, un produs unic, ob\u021binut prin distilarea florilor de lavand\u0103 provenite din cultura noastr\u0103 lucrat\u0103 manual, din soiul premium Lavandula angustifolia Sevtopolis Vera, aceast\u0103 ap\u0103 floral\u0103 de lavand\u0103 delicat\u0103 este un adev\u0103rat elixir pentru piele, p\u0103r \u0219i bun\u0103stare. \u00a0Cum se ob\u021bine? Apa de lavand\u0103 este rezultatul distil\u0103rii cu aburi&#8230;<\/p>","protected":false},"featured_media":526,"comment_status":"closed","ping_status":"closed","template":"","meta":{"_kad_post_transparent":"default","_kad_post_title":"","_kad_post_layout":"default","_kad_post_sidebar_id":"","_kad_post_content_style":"default","_kad_post_vertical_padding":"default","_kad_post_feature":"","_kad_post_feature_position":"","_kad_post_header":false,"_kad_post_footer":false,"slim_seo":{"title":"Ap\u0103 floral\u0103 de lavand\u0103","description":"Ap\u0103 floral\u0103 de lavand\u0103 delicat\u0103 este un adev\u0103rat elixir pentru piele, p\u0103r \u0219i bun\u0103stare. calmeaz\u0103 irita\u021biile, reduce ro\u0219ea\u021ba \u0219i echilibreaz\u0103 pH-ul pielii."}},"product_brand":[],"product_cat":[31,34,33],"product_tag":[],"class_list":{"0":"post-69","1":"product","2":"type-product","3":"status-publish","4":"has-post-thumbnail","6":"product_cat-hidratare","7":"product_cat-ingrijire-corporala","8":"product_cat-relaxare","10":"first","11":"outofstock","12":"shipping-taxable","13":"purchasable","14":"product-type-simple","15":"entry","16":"content-bg","17":"loop-entry"},"_links":{"self":[{"href":"https:\/\/inlavanda.ro\/en\/wp-json\/wp\/v2\/product\/69","targetHints":{"allow":["GET"]}}],"collection":[{"href":"https:\/\/inlavanda.ro\/en\/wp-json\/wp\/v2\/product"}],"about":[{"href":"https:\/\/inlavanda.ro\/en\/wp-json\/wp\/v2\/types\/product"}],"replies":[{"embeddable":true,"href":"https:\/\/inlavanda.ro\/en\/wp-json\/wp\/v2\/comments?post=69"}],"wp:featuredmedia":[{"embeddable":true,"href":"https:\/\/inlavanda.ro\/en\/wp-json\/wp\/v2\/media\/526"}],"wp:attachment":[{"href":"https:\/\/inlavanda.ro\/en\/wp-json\/wp\/v2\/media?parent=69"}],"wp:term":[{"taxonomy":"product_brand","embeddable":true,"href":"https:\/\/inlavanda.ro\/en\/wp-json\/wp\/v2\/product_brand?post=69"},{"taxonomy":"product_cat","embeddable":true,"href":"https:\/\/inlavanda.ro\/en\/wp-json\/wp\/v2\/product_cat?post=69"},{"taxonomy":"product_tag","embeddable":true,"href":"https:\/\/inlavanda.ro\/en\/wp-json\/wp\/v2\/product_tag?post=69"}],"curies":[{"name":"wp","href":"https:\/\/api.w.org\/{rel}","templated":true}]}}