{"id":71,"date":"2024-09-29T17:42:01","date_gmt":"2024-09-29T14:42:01","guid":{"rendered":"https:\/\/inlavanda.ro\/?post_type=product&#038;p=71"},"modified":"2025-07-15T16:47:36","modified_gmt":"2025-07-15T13:47:36","slug":"sapun-natural-exfoliant","status":"publish","type":"product","link":"https:\/\/inlavanda.ro\/en\/product\/sapun-natural-exfoliant\/","title":{"rendered":"S\u0103pun natural exfoliant cu lavand\u0103 \u0219i luf\u0103"},"content":{"rendered":"<div class=\"xdj266r x11i5rnm xat24cr x1mh8g0r x1vvkbs x126k92a\">\n<div dir=\"auto\">\n<p><span style=\"font-weight: 400;\">\u00cembin\u0103 cur\u0103\u021barea delicat\u0103 cu exfolierea natural\u0103, gra\u021bie s\u0103punului nostru cu <\/span><b>lufa<\/b><span style=\"font-weight: 400;\"> \u2013 un <a href=\"https:\/\/www.facebook.com\/photo?fbid=122198852750056559&amp;set=a.122112199214056559\">produs 100% natural<\/a>. \u00ce\u021bi va transforma rutina de \u00eengrijire a pielii \u00eentr-un adev\u0103rat ritual de r\u0103sf\u0103\u021b. Realizat cu grij\u0103 din ingrediente de calitate superioar\u0103,<\/span><span style=\"font-weight: 400;\"> acest s\u0103pun natural exfoliant ofer\u0103 at\u00e2t cur\u0103\u021bare c\u00e2t \u0219i exfoliere bl\u00e2nd\u0103, l\u0103s\u00e2nd pielea fin\u0103 \u0219i catifelat\u0103.<\/span><\/p>\n<h5><b>Beneficii generale s\u0103pun natural exfoliant:<\/b><\/h5>\n<ul>\n<li style=\"font-weight: 400;\" aria-level=\"1\"><b>Cur\u0103\u021bare delicat\u0103:<\/b><span style=\"font-weight: 400;\"> Uleiurile naturale de <\/span><b>ricin<\/b><span style=\"font-weight: 400;\">, <\/span><b>avocado<\/b><span style=\"font-weight: 400;\">, <\/span><b>migdale<\/b><span style=\"font-weight: 400;\"> \u0219i <\/span><b>cocos<\/b><span style=\"font-weight: 400;\"> sunt recunoscute pentru propriet\u0103\u021bile lor hidratante \u0219i calmante. Acestea cur\u0103\u021b\u0103 pielea \u00een profunzime, f\u0103r\u0103 a o usca sau irita. Men\u021bin echilibrul natural de hidratare.<\/span><\/li>\n<li style=\"font-weight: 400;\" aria-level=\"1\"><b>Exfoliere natural\u0103:<\/b> <b>Lufa<\/b><span style=\"font-weight: 400;\">, un material vegetal 100% natural, este integrat\u0103 \u00een s\u0103pun pentru a oferi o exfoliere bl\u00e2nd\u0103, dar eficient\u0103. Aceasta \u00eendep\u0103rteaz\u0103 celulele moarte ale pielii. Stimuleaz\u0103 circula\u021bia \u0219i las\u0103 pielea moale, fin\u0103 \u0219i radiant\u0103.<\/span><\/li>\n<li style=\"font-weight: 400;\" aria-level=\"1\"><b>Hidratare intens\u0103:<\/b> <b>Mierea de albine<\/b><span style=\"font-weight: 400;\"> \u0219i <\/span><b>glicerina<\/b><span style=\"font-weight: 400;\"> au un puternic efect hidratant. Ajut\u0103 la men\u021binerea unui nivel optim de umiditate \u00een piele.<\/span><\/li>\n<li style=\"font-weight: 400;\" aria-level=\"1\"><b>Calmarea pielii:<\/b> <a href=\"https:\/\/inlavanda.ro\/product\/ulei-esential-de-lavanda\/\"><b>Uleiul esen\u021bial de lavand\u0103<\/b><\/a><span style=\"font-weight: 400;\"> adaug\u0103 o not\u0103 relaxant\u0103, av\u00e2nd \u0219i propriet\u0103\u021bi antiseptice \u0219i calmante, care ajut\u0103 la reducerea irita\u021biilor \u0219i inflama\u021biilor pielii.<\/span><\/li>\n<\/ul>\n<p><b>Lufa<\/b><span style=\"font-weight: 400;\">, o plant\u0103 tropical\u0103 folosit\u0103 \u00een scopuri cosmetice de secole. Este un exfoliant natural care ajut\u0103 la \u00eendep\u0103rtarea celulelor moarte ale pielii, stimul\u00e2nd totodat\u0103 circula\u021bia sanguin\u0103. Este un material vegetal durabil \u0219i biodegradabil. Lufa nu doar c\u0103 \u00eembun\u0103t\u0103\u021be\u0219te aspectul \u0219i textura pielii, dar ajut\u0103 \u0219i la regenerarea acesteia, l\u0103s\u00e2nd-o fin\u0103 \u0219i catifelat\u0103. Utilizat\u0103 cu regularitate, lufa ajut\u0103 la prevenirea blocajelor porilor \u0219i la men\u021binerea unei pieli mai netede, f\u0103r\u0103 imperfec\u021biuni.<\/span><\/p>\n<p><span style=\"font-weight: 400;\">\u00cen plus, lufa are \u0219i un efect revitalizant asupra pielii, oferind o senza\u021bie de prospe\u021bime \u0219i energie. Ideal\u0103 pentru orice tip de piele, inclusiv pentru pielea sensibil\u0103 sau predispus\u0103 la imperfec\u021biuni. Lufa din acest s\u0103pun aduce un plus de eficien\u021b\u0103 exfoliant\u0103, f\u0103r\u0103 a irita.<\/span><\/p>\n<p><b>INCI:<\/b><span style=\"font-weight: 400;\"> Glycerin, Ricinus Communis Seed Oil, Prunus Amygdalus Dulcis Oil, Persea Gratissima Oil, Cocos Nucifera Oil, Mel, Lavandula Angustifolia Oil, Luffa Cylindrica Fruit<\/span><\/p>\n<p><br style=\"font-weight: 400;\" \/><br style=\"font-weight: 400;\" \/><\/p>\n<\/div>\n<\/div>","protected":false},"excerpt":{"rendered":"<p>\u00cembin\u0103 cur\u0103\u021barea delicat\u0103 cu exfolierea natural\u0103, gra\u021bie s\u0103punului nostru cu lufa \u2013 un produs 100% natural. \u00ce\u021bi va transforma rutina de \u00eengrijire a pielii \u00eentr-un adev\u0103rat ritual de r\u0103sf\u0103\u021b. Realizat cu grij\u0103 din ingrediente de calitate superioar\u0103, acest s\u0103pun natural exfoliant ofer\u0103 at\u00e2t cur\u0103\u021bare c\u00e2t \u0219i exfoliere bl\u00e2nd\u0103, l\u0103s\u00e2nd pielea fin\u0103 \u0219i catifelat\u0103. Beneficii generale&#8230;<\/p>","protected":false},"featured_media":522,"comment_status":"closed","ping_status":"closed","template":"","meta":{"_kad_post_transparent":"default","_kad_post_title":"","_kad_post_layout":"default","_kad_post_sidebar_id":"","_kad_post_content_style":"default","_kad_post_vertical_padding":"default","_kad_post_feature":"","_kad_post_feature_position":"","_kad_post_header":false,"_kad_post_footer":false,"slim_seo":{"title":"S\u0103pun natural exfoliant","description":"S\u0103pun natural exfoliant cu luf\u0103. \u00cembin\u0103 cur\u0103\u021barea delicat\u0103 cu exfolierea natural\u0103, gra\u021bie s\u0103punului nostru cu lufa \u2013 un produs 100% natural."}},"product_brand":[],"product_cat":[32,31,34,33],"product_tag":[],"class_list":{"0":"post-71","1":"product","2":"type-product","3":"status-publish","4":"has-post-thumbnail","6":"product_cat-exfoliere","7":"product_cat-hidratare","8":"product_cat-ingrijire-corporala","9":"product_cat-relaxare","11":"first","12":"instock","13":"shipping-taxable","14":"purchasable","15":"product-type-simple","16":"entry","17":"content-bg","18":"loop-entry"},"_links":{"self":[{"href":"https:\/\/inlavanda.ro\/en\/wp-json\/wp\/v2\/product\/71","targetHints":{"allow":["GET"]}}],"collection":[{"href":"https:\/\/inlavanda.ro\/en\/wp-json\/wp\/v2\/product"}],"about":[{"href":"https:\/\/inlavanda.ro\/en\/wp-json\/wp\/v2\/types\/product"}],"replies":[{"embeddable":true,"href":"https:\/\/inlavanda.ro\/en\/wp-json\/wp\/v2\/comments?post=71"}],"wp:featuredmedia":[{"embeddable":true,"href":"https:\/\/inlavanda.ro\/en\/wp-json\/wp\/v2\/media\/522"}],"wp:attachment":[{"href":"https:\/\/inlavanda.ro\/en\/wp-json\/wp\/v2\/media?parent=71"}],"wp:term":[{"taxonomy":"product_brand","embeddable":true,"href":"https:\/\/inlavanda.ro\/en\/wp-json\/wp\/v2\/product_brand?post=71"},{"taxonomy":"product_cat","embeddable":true,"href":"https:\/\/inlavanda.ro\/en\/wp-json\/wp\/v2\/product_cat?post=71"},{"taxonomy":"product_tag","embeddable":true,"href":"https:\/\/inlavanda.ro\/en\/wp-json\/wp\/v2\/product_tag?post=71"}],"curies":[{"name":"wp","href":"https:\/\/api.w.org\/{rel}","templated":true}]}}