{"id":74,"date":"2024-09-29T17:43:45","date_gmt":"2024-09-29T14:43:45","guid":{"rendered":"https:\/\/inlavanda.ro\/?post_type=product&#038;p=74"},"modified":"2025-08-04T08:23:50","modified_gmt":"2025-08-04T05:23:50","slug":"sare-de-baie-cu-lavanda","status":"publish","type":"product","link":"https:\/\/inlavanda.ro\/en\/product\/sare-de-baie-cu-lavanda\/","title":{"rendered":"Sare de baie cu ulei esen\u021bial de lavand\u0103"},"content":{"rendered":"<div class=\"xdj266r x11i5rnm xat24cr x1mh8g0r x1vvkbs x126k92a\">\n<div dir=\"auto\">\n<p><span style=\"font-weight: 400;\">R\u0103sfa\u021b\u0103-te cu o experien\u021b\u0103 de relaxare total\u0103 cu <\/span><b>sare de baie cu lavand\u0103<\/b><span style=\"font-weight: 400;\">. Transform\u0103 baia \u00eentr-un ritual de r\u0103sf\u0103\u021b \u0219i revigorare. Combina\u021bia de sare de mare, sare Epsom, ulei de cocos, ulei esen\u021bial de lavand\u0103 \u0219i flori de lavand\u0103 relaxeaz\u0103 mu\u0219chii obosi\u021bi, revitalizeaz\u0103 pielea \u0219i creeaz\u0103 o atmosfer\u0103 calmant\u0103.<\/span><\/p>\n<p><b>Beneficii generale:<\/b><\/p>\n<ul>\n<li style=\"font-weight: 400;\" aria-level=\"1\"><b>Relaxare profund\u0103:<\/b><span style=\"font-weight: 400;\"> Sarea Epsom este cunoscut\u0103 pentru abilitatea sa de a calma durerile musculare \u0219i pentru a relaxa corpul, \u00een timp ce sarea de mare ajut\u0103 la detoxifierea pielii.<\/span><\/li>\n<li style=\"font-weight: 400;\" aria-level=\"1\"><b>Hidratare \u0219i calmare:<\/b><span style=\"font-weight: 400;\"> Uleiul de cocos adaug\u0103 un plus de hidratare \u0219i protec\u021bie pielii, l\u0103s\u00e2nd-o catifelat\u0103 \u0219i moale.<\/span><\/li>\n<li style=\"font-weight: 400;\" aria-level=\"1\"><b>Calmante \u0219i terapeutice:<\/b><span style=\"font-weight: 400;\"><a href=\"https:\/\/inlavanda.ro\/product\/ulei-esential-de-lavanda\/\"> Uleiul esen\u021bial de lavand\u0103<\/a> este ideal pentru reducerea stresului \u0219i inducerea unei st\u0103ri de lini\u0219te. Are efecte relaxante \u0219i calmante asupra corpului \u0219i min\u021bii.<\/span><\/li>\n<li style=\"font-weight: 400;\" aria-level=\"1\"><b>Exfoliere u\u0219oar\u0103:<\/b><span style=\"font-weight: 400;\"><a href=\"https:\/\/www.facebook.com\/photo?fbid=122209525850056559&amp;set=pcb.122209525952056559\"> Flori de lavand\u0103<\/a> adaug\u0103 un efect u\u0219or exfoliant, stimul\u00e2nd circula\u021bia \u0219i \u00eembun\u0103t\u0103\u021bind textura pielii.<\/span><\/li>\n<\/ul>\n<p><span style=\"font-weight: 400;\">Sarea de baie cu lavand\u0103 nu se limiteaz\u0103 doar la utilizarea \u00eentr-o cad\u0103 plin\u0103 cu ap\u0103. O po\u021bi folosi \u0219i la b\u0103i rapide pentru picioare. Ad\u0103ug\u0103 2 linguri de sare de baie cu lavand\u0103 \u00eentr-un recipient cu ap\u0103 cald\u0103 pentru o relaxare rapid\u0103 \u0219i eficient\u0103 dup\u0103 o zi obositoare. Perfect\u0103 pentru relaxare complet\u0103 a corpului sau pentru o destindere rapid\u0103 \u0219i revitalizant\u0103 a picioarelor. \u00ce\u021bi ofer\u0103 o experien\u021b\u0103 de spa direct \u00een confortul casei tale.<\/span><\/p>\n<p><b>INCI:<\/b><span style=\"font-weight: 400;\"> Maris Sal, Epsom Salt, Cocos Nucifera Oil, Lavandula Angustifolia Oil, Lavandula Angustifolia Flower<\/span><\/p>\n<\/div>\n<\/div>","protected":false},"excerpt":{"rendered":"<p>R\u0103sfa\u021b\u0103-te cu o experien\u021b\u0103 de relaxare total\u0103 cu sare de baie cu lavand\u0103. Transform\u0103 baia \u00eentr-un ritual de r\u0103sf\u0103\u021b \u0219i revigorare. Combina\u021bia de sare de mare, sare Epsom, ulei de cocos, ulei esen\u021bial de lavand\u0103 \u0219i flori de lavand\u0103 relaxeaz\u0103 mu\u0219chii obosi\u021bi, revitalizeaz\u0103 pielea \u0219i creeaz\u0103 o atmosfer\u0103 calmant\u0103. Beneficii generale: Relaxare profund\u0103: Sarea Epsom&#8230;<\/p>","protected":false},"featured_media":518,"comment_status":"closed","ping_status":"closed","template":"","meta":{"_kad_post_transparent":"default","_kad_post_title":"","_kad_post_layout":"default","_kad_post_sidebar_id":"","_kad_post_content_style":"default","_kad_post_vertical_padding":"default","_kad_post_feature":"","_kad_post_feature_position":"","_kad_post_header":false,"_kad_post_footer":false,"slim_seo":{"title":"Sare de baie cu lavand\u0103","description":"R\u0103sfa\u021b\u0103-te cu o experien\u021b\u0103 de relaxare total\u0103 cu sare de baie cu lavand\u0103, care transform\u0103 baia \u00eentr-un ritual de r\u0103sf\u0103\u021b \u0219i revigorare."}},"product_brand":[],"product_cat":[32,31,34,33],"product_tag":[],"class_list":{"0":"post-74","1":"product","2":"type-product","3":"status-publish","4":"has-post-thumbnail","6":"product_cat-exfoliere","7":"product_cat-hidratare","8":"product_cat-ingrijire-corporala","9":"product_cat-relaxare","11":"first","12":"instock","13":"shipping-taxable","14":"purchasable","15":"product-type-simple","16":"entry","17":"content-bg","18":"loop-entry"},"_links":{"self":[{"href":"https:\/\/inlavanda.ro\/en\/wp-json\/wp\/v2\/product\/74","targetHints":{"allow":["GET"]}}],"collection":[{"href":"https:\/\/inlavanda.ro\/en\/wp-json\/wp\/v2\/product"}],"about":[{"href":"https:\/\/inlavanda.ro\/en\/wp-json\/wp\/v2\/types\/product"}],"replies":[{"embeddable":true,"href":"https:\/\/inlavanda.ro\/en\/wp-json\/wp\/v2\/comments?post=74"}],"wp:featuredmedia":[{"embeddable":true,"href":"https:\/\/inlavanda.ro\/en\/wp-json\/wp\/v2\/media\/518"}],"wp:attachment":[{"href":"https:\/\/inlavanda.ro\/en\/wp-json\/wp\/v2\/media?parent=74"}],"wp:term":[{"taxonomy":"product_brand","embeddable":true,"href":"https:\/\/inlavanda.ro\/en\/wp-json\/wp\/v2\/product_brand?post=74"},{"taxonomy":"product_cat","embeddable":true,"href":"https:\/\/inlavanda.ro\/en\/wp-json\/wp\/v2\/product_cat?post=74"},{"taxonomy":"product_tag","embeddable":true,"href":"https:\/\/inlavanda.ro\/en\/wp-json\/wp\/v2\/product_tag?post=74"}],"curies":[{"name":"wp","href":"https:\/\/api.w.org\/{rel}","templated":true}]}}