{"id":76,"date":"2024-09-29T17:51:09","date_gmt":"2024-09-29T14:51:09","guid":{"rendered":"https:\/\/inlavanda.ro\/?post_type=product&#038;p=76"},"modified":"2025-10-08T19:55:04","modified_gmt":"2025-10-08T16:55:04","slug":"odorizant-auto-incaperi","status":"publish","type":"product","link":"https:\/\/inlavanda.ro\/en\/product\/odorizant-auto-incaperi\/","title":{"rendered":"Odorizant auto\/\u00eenc\u0103peri"},"content":{"rendered":"<div class=\"xdj266r x11i5rnm xat24cr x1mh8g0r x1vvkbs x126k92a\">\n<div dir=\"auto\">\n<p><span style=\"font-weight: 400;\">Adaug\u0103 un strop de prospe\u021bime \u0219i calm cu un <\/span><b>odorizant cu<\/b><span style=\"font-weight: 400;\">\u00a0<\/span><b>ulei de lavand\u0103 100% pur \u0219i natural<\/b><span style=\"font-weight: 400;\">. Acest odorizant creeaz\u0103 un ambient relaxant \u0219i pl\u0103cut. Are un efect revigorant, perfect pentru birou, cas\u0103 sau ma\u0219in\u0103. <\/span><\/p>\n<p><span style=\"font-weight: 400;\">Nu con\u021bine ftala\u021bi, benzen, formaldehid\u0103 sau toluen de aceea este o alegere s\u0103n\u0103toas\u0103 \u0219i sigur\u0103 pentru orice spa\u021biu. F\u0103r\u0103 substan\u021be chimice care pot provoca reac\u021bii alergice sau probleme de s\u0103n\u0103tate.<\/span><span style=\"font-weight: 400;\"><br \/>\n<\/span><span style=\"font-weight: 400;\">Vine \u00eentr-un recipient elegant de sticl\u0103 de 5 ml. Este dotat cu capac de lemn \u0219i \u0219nur. Este u\u0219or de ag\u0103\u021bat \u0219i de folosit \u00een dulapuri, ma\u0219in\u0103 sau orice alt loc \u00een care vrei s\u0103 aduci o arom\u0103 natural\u0103, relaxant\u0103.<\/span><\/p>\n<p><b>Beneficii generale:<\/b><\/p>\n<ul>\n<li style=\"font-weight: 400;\" aria-level=\"1\"><b>Arom\u0103 calmant\u0103 \u0219i revigorant\u0103:<\/b><span style=\"font-weight: 400;\"><a href=\"https:\/\/inlavanda.ro\/product\/ulei-esential-de-lavanda\/\"> Uleiul de lavand\u0103<\/a> adaug\u0103 un parfum subtil \u0219i relaxant. Elimin\u0103 mirosurile nepl\u0103cute \u0219i cre\u00e2nd un aer proasp\u0103t.<\/span><\/li>\n<li style=\"font-weight: 400;\" aria-level=\"1\"><b><a href=\"https:\/\/www.facebook.com\/photo?fbid=122167215374056559&amp;set=a.122152292396056559\">Sigur \u0219i s\u0103n\u0103tos<\/a>:<\/b><span style=\"font-weight: 400;\"> Nu con\u021bine ftala\u021bi, benzen, formaldehid\u0103 sau toluen, substan\u021be care pot afecta s\u0103n\u0103tatea sau pot provoca reac\u021bii alergice.<\/span><\/li>\n<li style=\"font-weight: 400;\" aria-level=\"1\"><b>U\u0219or de utilizat:<\/b><span style=\"font-weight: 400;\"> Recipientul elegant de sticl\u0103 cu capac de lemn \u0219i \u0219nur \u00eel face perfect pentru a fi ag\u0103\u021bat \u00een dulapuri sau utilizat \u00een ma\u0219in\u0103.<\/span><\/li>\n<li style=\"font-weight: 400;\" aria-level=\"1\"><b>Natural \u0219i pur:<\/b><span style=\"font-weight: 400;\"> Cu ulei de lavand\u0103 pur, f\u0103r\u0103 aditivi sau substan\u021be chimice, asigur\u0103 un aer curat \u0219i s\u0103n\u0103tos \u00een orice mediu.<\/span><\/li>\n<\/ul>\n<p><span style=\"font-weight: 400;\">Alege acest odorizant cu ulei de lavand\u0103 natural pentru a crea o atmosfer\u0103 calmant\u0103, proasp\u0103t\u0103 \u0219i s\u0103n\u0103toas\u0103, \u00een orice col\u021b al casei sau al ma\u0219inii tale.<\/span><\/p>\n<p><b>INCI:<\/b><span style=\"font-weight: 400;\"> Lavandula angustifolia (Lavender) Oil<\/span><\/p>\n<p><br style=\"font-weight: 400;\" \/><br style=\"font-weight: 400;\" \/><\/p>\n<\/div>\n<\/div>","protected":false},"excerpt":{"rendered":"<p>Adaug\u0103 un strop de prospe\u021bime \u0219i calm cu un odorizant cu\u00a0ulei de lavand\u0103 100% pur \u0219i natural. Acest odorizant creeaz\u0103 un ambient relaxant \u0219i pl\u0103cut. Are un efect revigorant, perfect pentru birou, cas\u0103 sau ma\u0219in\u0103. Nu con\u021bine ftala\u021bi, benzen, formaldehid\u0103 sau toluen de aceea este o alegere s\u0103n\u0103toas\u0103 \u0219i sigur\u0103 pentru orice spa\u021biu. F\u0103r\u0103 substan\u021be&#8230;<\/p>","protected":false},"featured_media":516,"comment_status":"closed","ping_status":"closed","template":"","meta":{"_kad_post_transparent":"default","_kad_post_title":"","_kad_post_layout":"default","_kad_post_sidebar_id":"","_kad_post_content_style":"default","_kad_post_vertical_padding":"default","_kad_post_feature":"","_kad_post_feature_position":"","_kad_post_header":false,"_kad_post_footer":false,"slim_seo":{"title":"Odorizant cu\u00a0ulei de lavand\u0103","description":"Odorizant cu\u00a0ulei de lavand\u0103 100% pur \u0219i natural - creeaz\u0103 un ambient relaxant \u0219i pl\u0103cut. Are un efect revigorant, perfect pentru birou, cas\u0103 sau ma\u0219in\u0103."}},"product_brand":[],"product_cat":[33],"product_tag":[],"class_list":{"0":"post-76","1":"product","2":"type-product","3":"status-publish","4":"has-post-thumbnail","6":"product_cat-relaxare","8":"first","9":"instock","10":"shipping-taxable","11":"purchasable","12":"product-type-simple","13":"entry","14":"content-bg","15":"loop-entry"},"_links":{"self":[{"href":"https:\/\/inlavanda.ro\/en\/wp-json\/wp\/v2\/product\/76","targetHints":{"allow":["GET"]}}],"collection":[{"href":"https:\/\/inlavanda.ro\/en\/wp-json\/wp\/v2\/product"}],"about":[{"href":"https:\/\/inlavanda.ro\/en\/wp-json\/wp\/v2\/types\/product"}],"replies":[{"embeddable":true,"href":"https:\/\/inlavanda.ro\/en\/wp-json\/wp\/v2\/comments?post=76"}],"wp:featuredmedia":[{"embeddable":true,"href":"https:\/\/inlavanda.ro\/en\/wp-json\/wp\/v2\/media\/516"}],"wp:attachment":[{"href":"https:\/\/inlavanda.ro\/en\/wp-json\/wp\/v2\/media?parent=76"}],"wp:term":[{"taxonomy":"product_brand","embeddable":true,"href":"https:\/\/inlavanda.ro\/en\/wp-json\/wp\/v2\/product_brand?post=76"},{"taxonomy":"product_cat","embeddable":true,"href":"https:\/\/inlavanda.ro\/en\/wp-json\/wp\/v2\/product_cat?post=76"},{"taxonomy":"product_tag","embeddable":true,"href":"https:\/\/inlavanda.ro\/en\/wp-json\/wp\/v2\/product_tag?post=76"}],"curies":[{"name":"wp","href":"https:\/\/api.w.org\/{rel}","templated":true}]}}