{"id":82,"date":"2024-09-29T17:57:45","date_gmt":"2024-09-29T14:57:45","guid":{"rendered":"https:\/\/inlavanda.ro\/?post_type=product&#038;p=82"},"modified":"2025-07-15T16:40:30","modified_gmt":"2025-07-15T13:40:30","slug":"buchet-de-lavanda-uscata","status":"publish","type":"product","link":"https:\/\/inlavanda.ro\/en\/product\/buchet-de-lavanda-uscata\/","title":{"rendered":"Buchet de lavand\u0103 uscat\u0103"},"content":{"rendered":"<div class=\"xdj266r x11i5rnm xat24cr x1mh8g0r x1vvkbs x126k92a\">\n<div dir=\"auto\">\n<p><span style=\"font-weight: 400;\">Adaug\u0103 o not\u0103 de elegan\u021b\u0103 \u0219i naturale\u021be oric\u0103rui spa\u021biu cu un <\/span><b>buchet de lavand\u0103 uscat\u0103.<\/b><span style=\"font-weight: 400;\"> Este recoltat din <\/span><a href=\"https:\/\/www.facebook.com\/InLavanda\/videos\/1908007523304184\"><b>cultura noastr\u0103 lucrat\u0103 manual<\/b><\/a><span style=\"font-weight: 400;\">. Acest buchet de lavand\u0103 uscat\u0103 este perfect pentru a decora locuin\u021ba sau biroul. Ofer\u0103 un parfum delicat \u0219i o atmosfer\u0103 relaxant\u0103 \u00een \u00eenc\u0103peri. Florile de lavand\u0103 uscat\u0103 nu sunt doar un element decorativ, ci pot fi folosite \u0219i \u00een gastronomie, ad\u0103ug\u00e2nd o arom\u0103 unic\u0103 \u0219i rafinat\u0103 preparatelor tale, precum pr\u0103jituri, ceaiuri sau alte delicii culinare.<\/span><\/p>\n<p><b>Beneficii generale:<\/b><\/p>\n<ul>\n<li style=\"font-weight: 400;\" aria-level=\"1\"><b>Parfum natural:<\/b><span style=\"font-weight: 400;\"> Buchetul de lavand\u0103 uscat\u0103 eman\u0103 un miros subtil \u0219i calmant, av\u00e2nd un efect relaxant \u0219i purificator asupra aerului.<\/span><\/li>\n<li style=\"font-weight: 400;\" aria-level=\"1\"><b>Decor elegant:<\/b><span style=\"font-weight: 400;\"> Frumuse\u021bea lavandei uscate adaug\u0103 un plus de rafinament oric\u0103rui interior, potrivit pentru decorul casei, biroului sau chiar pentru a fi oferit cadou.<\/span><\/li>\n<li style=\"font-weight: 400;\" aria-level=\"1\"><b>Durabilitate:<\/b><span style=\"font-weight: 400;\"> Lavanda uscat\u0103 \u00ee\u0219i p\u0103streaz\u0103 frumuse\u021bea \u0219i parfumul pentru mult timp, f\u0103r\u0103 a necesita \u00eentre\u021binere special\u0103.<\/span><\/li>\n<li style=\"font-weight: 400;\" aria-level=\"1\"><b>Propriet\u0103\u021bi purificatoare:<\/b><span style=\"font-weight: 400;\"> Lavanda este cunoscut\u0103 pentru propriet\u0103\u021bile sale de purificare a aerului. Elimin\u0103 mirosurile nepl\u0103cute \u0219i aduc\u00e2nd un aer proasp\u0103t \u0219i curat.<\/span><\/li>\n<li style=\"font-weight: 400;\" aria-level=\"1\"><b>Utilizare culinar\u0103:<\/b><span style=\"font-weight: 400;\"> Florile de lavand\u0103 uscat\u0103 pot fi folosite \u00een gastronomie, fiind ideale pentru prepararea de ceaiuri, pr\u0103jituri, siropuri sau pentru a da o not\u0103 special\u0103 la diverse re\u021bete.<\/span><\/li>\n<\/ul>\n<p><b>Idei de folosire:<\/b><\/p>\n<ul>\n<li style=\"font-weight: 400;\" aria-level=\"1\"><span style=\"font-weight: 400;\">Folose\u0219te buchetul de lavand\u0103 ca decor pe mas\u0103, rafturi sau \u00een vaze.<\/span><\/li>\n<li style=\"font-weight: 400;\" aria-level=\"1\"><span style=\"font-weight: 400;\">Po\u021bi ag\u0103\u021ba buchetul \u00een dulapuri sau l\u0103sa-l \u00eentr-un col\u021b al camerei pentru a ad\u0103uga un parfum natural \u0219i relaxant.<\/span><\/li>\n<li style=\"font-weight: 400;\" aria-level=\"1\"><span style=\"font-weight: 400;\">Folose\u0219te florile uscate pentru a prepara ceaiuri sau pentru a ad\u0103uga o not\u0103 floral\u0103 \u00een re\u021betele tale de pr\u0103jituri, siropuri sau alte preparate.<\/span><\/li>\n<li style=\"font-weight: 400;\" aria-level=\"1\"><span style=\"font-weight: 400;\">Este ideal \u0219i pentru a fi <a href=\"https:\/\/inlavanda.ro\/product\/ambalare-cadou\/\">oferit cadou celor dragi<\/a>.<\/span><\/li>\n<\/ul>\n<p><b>INCI:<\/b><span style=\"font-weight: 400;\"> Lavandula angustifolia (Lavender)<\/span><\/p>\n<p><span class=\"html-span xexx8yu x4uap5 x18d9i69 xkhd6sd x1hl2dhg x16tdsg8 x1vvkbs x3nfvp2 x1j61x8r x1fcty0u xdj266r xat24cr xgzva0m xhhsvwb xxymvpz xlup9mm x1kky2od\"><br style=\"font-weight: 400;\" \/><br style=\"font-weight: 400;\" \/><\/span><\/p>\n<\/div>\n<\/div>","protected":false},"excerpt":{"rendered":"<p>Adaug\u0103 o not\u0103 de elegan\u021b\u0103 \u0219i naturale\u021be oric\u0103rui spa\u021biu cu un buchet de lavand\u0103 uscat\u0103. Este recoltat din cultura noastr\u0103 lucrat\u0103 manual. Acest buchet de lavand\u0103 uscat\u0103 este perfect pentru a decora locuin\u021ba sau biroul. Ofer\u0103 un parfum delicat \u0219i o atmosfer\u0103 relaxant\u0103 \u00een \u00eenc\u0103peri. Florile de lavand\u0103 uscat\u0103 nu sunt doar un element decorativ,&#8230;<\/p>","protected":false},"featured_media":83,"comment_status":"closed","ping_status":"closed","template":"","meta":{"_kad_post_transparent":"default","_kad_post_title":"","_kad_post_layout":"default","_kad_post_sidebar_id":"","_kad_post_content_style":"default","_kad_post_vertical_padding":"default","_kad_post_feature":"","_kad_post_feature_position":"","_kad_post_header":false,"_kad_post_footer":false,"slim_seo":{"title":"Buchet de lavand\u0103 uscat\u0103","description":"Acest buchet de lavand\u0103 uscat\u0103\u00a0este perfect pentru a decora locuin\u021ba sau biroul, aduc\u00e2nd un parfum delicat \u0219i o atmosfer\u0103 relaxant\u0103 \u00een \u00eenc\u0103peri."}},"product_brand":[],"product_cat":[33],"product_tag":[],"class_list":{"0":"post-82","1":"product","2":"type-product","3":"status-publish","4":"has-post-thumbnail","6":"product_cat-relaxare","8":"first","9":"instock","10":"shipping-taxable","11":"purchasable","12":"product-type-simple","13":"entry","14":"content-bg","15":"loop-entry"},"_links":{"self":[{"href":"https:\/\/inlavanda.ro\/en\/wp-json\/wp\/v2\/product\/82","targetHints":{"allow":["GET"]}}],"collection":[{"href":"https:\/\/inlavanda.ro\/en\/wp-json\/wp\/v2\/product"}],"about":[{"href":"https:\/\/inlavanda.ro\/en\/wp-json\/wp\/v2\/types\/product"}],"replies":[{"embeddable":true,"href":"https:\/\/inlavanda.ro\/en\/wp-json\/wp\/v2\/comments?post=82"}],"wp:featuredmedia":[{"embeddable":true,"href":"https:\/\/inlavanda.ro\/en\/wp-json\/wp\/v2\/media\/83"}],"wp:attachment":[{"href":"https:\/\/inlavanda.ro\/en\/wp-json\/wp\/v2\/media?parent=82"}],"wp:term":[{"taxonomy":"product_brand","embeddable":true,"href":"https:\/\/inlavanda.ro\/en\/wp-json\/wp\/v2\/product_brand?post=82"},{"taxonomy":"product_cat","embeddable":true,"href":"https:\/\/inlavanda.ro\/en\/wp-json\/wp\/v2\/product_cat?post=82"},{"taxonomy":"product_tag","embeddable":true,"href":"https:\/\/inlavanda.ro\/en\/wp-json\/wp\/v2\/product_tag?post=82"}],"curies":[{"name":"wp","href":"https:\/\/api.w.org\/{rel}","templated":true}]}}